{"id":47469,"date":"2024-08-01T15:34:42","date_gmt":"2024-08-01T19:34:42","guid":{"rendered":"https:\/\/cms.nautilusplus.com\/?page_id=47469"},"modified":"2024-08-01T16:09:11","modified_gmt":"2024-08-01T20:09:11","slug":"carrieres","status":"publish","type":"page","link":"https:\/\/cms.nautilusplus.com\/fr\/carrieres\/","title":{"rendered":"Carri\u00e8re"},"content":{"rendered":"\n<h2><strong>Nautilus Plus, <em>Plus<\/em> qu\u2019un employeur<\/strong><\/h2>\n\n\n\n<p>Chef de file dans l\u2019industrie du conditionnement physique, Nautilus Plus est l&#8217;employeur que vous recherchez pour votre carri\u00e8re. L&rsquo;entreprise vous offre un environnement de travail stimulant, favorise le d\u00e9veloppement de vos comp\u00e9tences, encourage la collaboration et l\u2019innovation, et valorise votre contribution dans la prise en charge des clients. Les membres de l\u2019\u00e9quipe Nautilus Plus sont de fiers ambassadeurs et cherchent \u00e0 avoir un impact positif sur l\u2019organisation, ses clients et ses partenaires.<\/p>\n","protected":false},"excerpt":{"rendered":"<p>Nautilus Plus, Plus qu\u2019un employeur Chef de file dans l\u2019industrie du conditionnement physique, Nautilus Plus est l&#8217;employeur que vous recherchez pour votre carri\u00e8re. L&rsquo;entreprise vous offre un environnement de travail stimulant, favorise le d\u00e9veloppement de vos comp\u00e9tences, encourage la collaboration et l\u2019innovation, et valorise votre contribution dans la prise en charge des clients. Les membres [&hellip;]<\/p>\n","protected":false},"author":78,"featured_media":47513,"parent":0,"menu_order":0,"comment_status":"closed","ping_status":"closed","template":"page-career-home.php","meta":[],"yoast_head":"<!-- This site is optimized with the Yoast SEO plugin v16.3 - https:\/\/yoast.com\/wordpress\/plugins\/seo\/ -->\r\n<meta name=\"description\" content=\"Chef de file dans l\u2019industrie du conditionnement physique, Nautilus Plus est l&#039;employeur que vous recherchez pour votre carri\u00e8re.\" \/>\r\n<meta name=\"robots\" content=\"index, follow, max-snippet:-1, max-image-preview:large, max-video-preview:-1\" \/>\r\n<link rel=\"canonical\" href=\"https:\/\/www.nautilusplus.com\/fr\/carrieres\/\" \/>\r\n<meta property=\"og:locale\" content=\"fr_FR\" \/>\r\n<meta property=\"og:type\" content=\"article\" \/>\r\n<meta property=\"og:title\" content=\"Carri\u00e8re - Nautilus Plus\" \/>\r\n<meta property=\"og:description\" content=\"Chef de file dans l\u2019industrie du conditionnement physique, Nautilus Plus est l&#039;employeur que vous recherchez pour votre carri\u00e8re.\" \/>\r\n<meta property=\"og:url\" content=\"https:\/\/www.nautilusplus.com\/fr\/carrieres\/\" \/>\r\n<meta property=\"og:site_name\" content=\"Nautilus Plus\" \/>\r\n<meta property=\"article:modified_time\" content=\"2024-08-01T20:09:11+00:00\" \/>\r\n<meta property=\"og:image\" content=\"https:\/\/www.nautilusplus.com\/content\/uploads\/2024\/07\/IMG_8456_retouche_web.jpg\" \/>\r\n\t<meta property=\"og:image:width\" content=\"1500\" \/>\r\n\t<meta property=\"og:image:height\" content=\"1440\" \/>\r\n<meta name=\"twitter:label1\" content=\"Est. reading time\">\n\t<meta name=\"twitter:data1\" content=\"1 minute\">\r\n<script type=\"application\/ld+json\" class=\"yoast-schema-graph\">{\"@context\":\"https:\/\/schema.org\",\"@graph\":[{\"@type\":\"WebSite\",\"@id\":\"https:\/\/www.nautilusplus.com\/fr\/#website\",\"url\":\"https:\/\/www.nautilusplus.com\/fr\/\",\"name\":\"Nautilus Plus\",\"description\":\"Plus qu&#039;un gym\",\"potentialAction\":[{\"@type\":\"SearchAction\",\"target\":\"https:\/\/www.nautilusplus.com\/fr\/?s={search_term_string}\",\"query-input\":\"required name=search_term_string\"}],\"inLanguage\":\"fr-FR\"},{\"@type\":\"ImageObject\",\"@id\":\"https:\/\/www.nautilusplus.com\/fr\/carrieres\/#primaryimage\",\"inLanguage\":\"fr-FR\",\"url\":\"https:\/\/www.nautilusplus.com\/content\/uploads\/2024\/07\/IMG_8456_retouche_web.jpg\",\"contentUrl\":\"https:\/\/www.nautilusplus.com\/content\/uploads\/2024\/07\/IMG_8456_retouche_web.jpg\",\"width\":1500,\"height\":1440},{\"@type\":\"WebPage\",\"@id\":\"https:\/\/www.nautilusplus.com\/fr\/carrieres\/#webpage\",\"url\":\"https:\/\/www.nautilusplus.com\/fr\/carrieres\/\",\"name\":\"Carri\\u00e8re - Nautilus Plus\",\"isPartOf\":{\"@id\":\"https:\/\/www.nautilusplus.com\/fr\/#website\"},\"primaryImageOfPage\":{\"@id\":\"https:\/\/www.nautilusplus.com\/fr\/carrieres\/#primaryimage\"},\"datePublished\":\"2024-08-01T19:34:42+00:00\",\"dateModified\":\"2024-08-01T20:09:11+00:00\",\"description\":\"Chef de file dans l\\u2019industrie du conditionnement physique, Nautilus Plus est l'employeur que vous recherchez pour votre carri\\u00e8re.\",\"breadcrumb\":{\"@id\":\"https:\/\/www.nautilusplus.com\/fr\/carrieres\/#breadcrumb\"},\"inLanguage\":\"fr-FR\",\"potentialAction\":[{\"@type\":\"ReadAction\",\"target\":[\"https:\/\/www.nautilusplus.com\/fr\/carrieres\/\"]}]},{\"@type\":\"BreadcrumbList\",\"@id\":\"https:\/\/www.nautilusplus.com\/fr\/carrieres\/#breadcrumb\",\"itemListElement\":[{\"@type\":\"ListItem\",\"position\":1,\"item\":{\"@type\":\"WebPage\",\"@id\":\"https:\/\/www.nautilusplus.com\/fr\/\",\"url\":\"https:\/\/www.nautilusplus.com\/fr\/\",\"name\":\"Home\"}},{\"@type\":\"ListItem\",\"position\":2,\"item\":{\"@id\":\"https:\/\/www.nautilusplus.com\/fr\/carrieres\/#webpage\"}}]}]}<\/script>\r\n<!-- \/ Yoast SEO plugin. -->","_links":{"self":[{"href":"https:\/\/cms.nautilusplus.com\/fr\/wp-json\/wp\/v2\/pages\/47469"}],"collection":[{"href":"https:\/\/cms.nautilusplus.com\/fr\/wp-json\/wp\/v2\/pages"}],"about":[{"href":"https:\/\/cms.nautilusplus.com\/fr\/wp-json\/wp\/v2\/types\/page"}],"author":[{"embeddable":true,"href":"https:\/\/cms.nautilusplus.com\/fr\/wp-json\/wp\/v2\/users\/78"}],"replies":[{"embeddable":true,"href":"https:\/\/cms.nautilusplus.com\/fr\/wp-json\/wp\/v2\/comments?post=47469"}],"version-history":[{"count":0,"href":"https:\/\/cms.nautilusplus.com\/fr\/wp-json\/wp\/v2\/pages\/47469\/revisions"}],"wp:featuredmedia":[{"embeddable":true,"href":"https:\/\/cms.nautilusplus.com\/fr\/wp-json\/wp\/v2\/media\/47513"}],"wp:attachment":[{"href":"https:\/\/cms.nautilusplus.com\/fr\/wp-json\/wp\/v2\/media?parent=47469"}],"curies":[{"name":"wp","href":"https:\/\/api.w.org\/{rel}","templated":true}]}}