{"id":45582,"date":"2023-02-01T11:09:54","date_gmt":"2023-02-01T16:09:54","guid":{"rendered":"https:\/\/cms.nautilusplus.com\/?page_id=45582"},"modified":"2024-07-31T11:13:13","modified_gmt":"2024-07-31T15:13:13","slug":"webinaires","status":"publish","type":"page","link":"https:\/\/cms.nautilusplus.com\/fr\/webinaires\/","title":{"rendered":"Webinaires"},"content":{"rendered":"\n<p>Apprenez toute une s\u00e9rie de sujets li\u00e9s \u00e0 la nutrition dans un environnement d&rsquo;apprentissage amusant et engageant. Nos programmes de coaching nutritionnel abordables sont propos\u00e9s sous forme de webinaires et d&rsquo;ateliers-conf\u00e9rences par les nutritionnistes de Nautilus Plus.<\/p>\n","protected":false},"excerpt":{"rendered":"<p>Apprenez toute une s\u00e9rie de sujets li\u00e9s \u00e0 la nutrition dans un environnement d&rsquo;apprentissage amusant et engageant. Nos programmes de coaching nutritionnel abordables sont propos\u00e9s sous forme de webinaires et d&rsquo;ateliers-conf\u00e9rences par les nutritionnistes de Nautilus Plus.<\/p>\n","protected":false},"author":78,"featured_media":37421,"parent":0,"menu_order":0,"comment_status":"closed","ping_status":"closed","template":"page-webinars.php","meta":[],"yoast_head":"<!-- This site is optimized with the Yoast SEO plugin v16.3 - https:\/\/yoast.com\/wordpress\/plugins\/seo\/ -->\r\n<meta name=\"description\" content=\"Nos programmes d&#039;accompagnement nutritionnel abordables sont propos\u00e9s sous forme de webinaires et d&#039;ateliers-conf\u00e9rences par les nutritionnistes de Nautilus Plus.\" \/>\r\n<meta name=\"robots\" content=\"index, follow, max-snippet:-1, max-image-preview:large, max-video-preview:-1\" \/>\r\n<link rel=\"canonical\" href=\"https:\/\/www.nautilusplus.com\/fr\/webinaires\/\" \/>\r\n<meta property=\"og:locale\" content=\"fr_FR\" \/>\r\n<meta property=\"og:type\" content=\"article\" \/>\r\n<meta property=\"og:title\" content=\"Webinaires - Nautilus Plus\" \/>\r\n<meta property=\"og:description\" content=\"Nos programmes d&#039;accompagnement nutritionnel abordables sont propos\u00e9s sous forme de webinaires et d&#039;ateliers-conf\u00e9rences par les nutritionnistes de Nautilus Plus.\" \/>\r\n<meta property=\"og:url\" content=\"https:\/\/www.nautilusplus.com\/fr\/webinaires\/\" \/>\r\n<meta property=\"og:site_name\" content=\"Nautilus Plus\" \/>\r\n<meta property=\"article:modified_time\" content=\"2024-07-31T15:13:13+00:00\" \/>\r\n<meta property=\"og:image\" content=\"https:\/\/www.nautilusplus.com\/content\/uploads\/2020\/12\/image-jungle.jpg\" \/>\r\n\t<meta property=\"og:image:width\" content=\"1200\" \/>\r\n\t<meta property=\"og:image:height\" content=\"803\" \/>\r\n<meta name=\"twitter:label1\" content=\"Est. reading time\">\n\t<meta name=\"twitter:data1\" content=\"1 minute\">\r\n<script type=\"application\/ld+json\" class=\"yoast-schema-graph\">{\"@context\":\"https:\/\/schema.org\",\"@graph\":[{\"@type\":\"WebSite\",\"@id\":\"https:\/\/www.nautilusplus.com\/fr\/#website\",\"url\":\"https:\/\/www.nautilusplus.com\/fr\/\",\"name\":\"Nautilus Plus\",\"description\":\"Plus qu&#039;un gym\",\"potentialAction\":[{\"@type\":\"SearchAction\",\"target\":\"https:\/\/www.nautilusplus.com\/fr\/?s={search_term_string}\",\"query-input\":\"required name=search_term_string\"}],\"inLanguage\":\"fr-FR\"},{\"@type\":\"ImageObject\",\"@id\":\"https:\/\/www.nautilusplus.com\/fr\/webinaires\/#primaryimage\",\"inLanguage\":\"fr-FR\",\"url\":\"https:\/\/www.nautilusplus.com\/content\/uploads\/2020\/12\/image-jungle.jpg\",\"contentUrl\":\"https:\/\/www.nautilusplus.com\/content\/uploads\/2020\/12\/image-jungle.jpg\",\"width\":1200,\"height\":803},{\"@type\":\"WebPage\",\"@id\":\"https:\/\/www.nautilusplus.com\/fr\/webinaires\/#webpage\",\"url\":\"https:\/\/www.nautilusplus.com\/fr\/webinaires\/\",\"name\":\"Webinaires - Nautilus Plus\",\"isPartOf\":{\"@id\":\"https:\/\/www.nautilusplus.com\/fr\/#website\"},\"primaryImageOfPage\":{\"@id\":\"https:\/\/www.nautilusplus.com\/fr\/webinaires\/#primaryimage\"},\"datePublished\":\"2023-02-01T16:09:54+00:00\",\"dateModified\":\"2024-07-31T15:13:13+00:00\",\"description\":\"Nos programmes d'accompagnement nutritionnel abordables sont propos\\u00e9s sous forme de webinaires et d'ateliers-conf\\u00e9rences par les nutritionnistes de Nautilus Plus.\",\"breadcrumb\":{\"@id\":\"https:\/\/www.nautilusplus.com\/fr\/webinaires\/#breadcrumb\"},\"inLanguage\":\"fr-FR\",\"potentialAction\":[{\"@type\":\"ReadAction\",\"target\":[\"https:\/\/www.nautilusplus.com\/fr\/webinaires\/\"]}]},{\"@type\":\"BreadcrumbList\",\"@id\":\"https:\/\/www.nautilusplus.com\/fr\/webinaires\/#breadcrumb\",\"itemListElement\":[{\"@type\":\"ListItem\",\"position\":1,\"item\":{\"@type\":\"WebPage\",\"@id\":\"https:\/\/www.nautilusplus.com\/fr\/\",\"url\":\"https:\/\/www.nautilusplus.com\/fr\/\",\"name\":\"Home\"}},{\"@type\":\"ListItem\",\"position\":2,\"item\":{\"@id\":\"https:\/\/www.nautilusplus.com\/fr\/webinaires\/#webpage\"}}]}]}<\/script>\r\n<!-- \/ Yoast SEO plugin. -->","_links":{"self":[{"href":"https:\/\/cms.nautilusplus.com\/fr\/wp-json\/wp\/v2\/pages\/45582"}],"collection":[{"href":"https:\/\/cms.nautilusplus.com\/fr\/wp-json\/wp\/v2\/pages"}],"about":[{"href":"https:\/\/cms.nautilusplus.com\/fr\/wp-json\/wp\/v2\/types\/page"}],"author":[{"embeddable":true,"href":"https:\/\/cms.nautilusplus.com\/fr\/wp-json\/wp\/v2\/users\/78"}],"replies":[{"embeddable":true,"href":"https:\/\/cms.nautilusplus.com\/fr\/wp-json\/wp\/v2\/comments?post=45582"}],"version-history":[{"count":0,"href":"https:\/\/cms.nautilusplus.com\/fr\/wp-json\/wp\/v2\/pages\/45582\/revisions"}],"wp:featuredmedia":[{"embeddable":true,"href":"https:\/\/cms.nautilusplus.com\/fr\/wp-json\/wp\/v2\/media\/37421"}],"wp:attachment":[{"href":"https:\/\/cms.nautilusplus.com\/fr\/wp-json\/wp\/v2\/media?parent=45582"}],"curies":[{"name":"wp","href":"https:\/\/api.w.org\/{rel}","templated":true}]}}