{"id":44110,"date":"2022-04-21T15:40:20","date_gmt":"2022-04-21T15:40:20","guid":{"rendered":"https:\/\/preprod.nautilusplus.com\/?page_id=44110"},"modified":"2026-03-30T13:53:11","modified_gmt":"2026-03-30T17:53:11","slug":"services-a-la-carte","status":"publish","type":"page","link":"https:\/\/cms.nautilusplus.com\/fr\/services-aux-entreprises\/services-a-la-carte\/","title":{"rendered":"SERVICES \u00c0 LA CARTE"},"content":{"rendered":"\n<p><strong>Afin de maximiser les chances de succ\u00e8s de votre projet ainsi que l\u2019engagement de vos employ\u00e9s vers un mode de vie sain, Nautilus Plus met \u00e0 votre disposition plusieurs services sant\u00e9 et mieux-\u00eatre en entreprise. Nos kin\u00e9siologues et nutritionnistes seront en mesure d\u2019accompagner vos employ\u00e9s de fa\u00e7on individuelle ou en groupe.<\/strong><\/p>\n\n\n\n<h2>Obtenez une ristourne de 10% sur la valeur de votre investissement<\/h2>\n\n\n\n<p>(Certaines conditions s\u2019appliquent).<\/p>\n","protected":false},"excerpt":{"rendered":"<p>Afin de maximiser les chances de succ\u00e8s de votre projet ainsi que l\u2019engagement de vos employ\u00e9s vers un mode de vie sain, Nautilus Plus met \u00e0 votre disposition plusieurs services sant\u00e9 et mieux-\u00eatre en entreprise. Nos kin\u00e9siologues et nutritionnistes seront en mesure d\u2019accompagner vos employ\u00e9s de fa\u00e7on individuelle ou en groupe. Obtenez une ristourne de [&hellip;]<\/p>\n","protected":false},"author":78,"featured_media":48884,"parent":44077,"menu_order":0,"comment_status":"closed","ping_status":"closed","template":"page-corpo-services.php","meta":[],"yoast_head":"<!-- This site is optimized with the Yoast SEO plugin v16.3 - https:\/\/yoast.com\/wordpress\/plugins\/seo\/ -->\r\n<meta name=\"robots\" content=\"index, follow, max-snippet:-1, max-image-preview:large, max-video-preview:-1\" \/>\r\n<link rel=\"canonical\" href=\"https:\/\/www.nautilusplus.com\/fr\/services-aux-entreprises\/services-a-la-carte\/\" \/>\r\n<meta property=\"og:locale\" content=\"fr_FR\" \/>\r\n<meta property=\"og:type\" content=\"article\" \/>\r\n<meta property=\"og:title\" content=\"SERVICES \u00c0 LA CARTE - Nautilus Plus\" \/>\r\n<meta property=\"og:description\" content=\"Afin de maximiser les chances de succ\u00e8s de votre projet ainsi que l\u2019engagement de vos employ\u00e9s vers un mode de vie sain, Nautilus Plus met \u00e0 votre disposition plusieurs services sant\u00e9 et mieux-\u00eatre en entreprise. Nos kin\u00e9siologues et nutritionnistes seront en mesure d\u2019accompagner vos employ\u00e9s de fa\u00e7on individuelle ou en groupe. Obtenez une ristourne de [&hellip;]\" \/>\r\n<meta property=\"og:url\" content=\"https:\/\/www.nautilusplus.com\/fr\/services-aux-entreprises\/services-a-la-carte\/\" \/>\r\n<meta property=\"og:site_name\" content=\"Nautilus Plus\" \/>\r\n<meta property=\"article:modified_time\" content=\"2026-03-30T17:53:11+00:00\" \/>\r\n<meta property=\"og:image\" content=\"https:\/\/www.nautilusplus.com\/content\/uploads\/2026\/01\/nouvelle-03_crop-scaled.jpg\" \/>\r\n\t<meta property=\"og:image:width\" content=\"2560\" \/>\r\n\t<meta property=\"og:image:height\" content=\"1660\" \/>\r\n<meta name=\"twitter:label1\" content=\"Est. reading time\">\n\t<meta name=\"twitter:data1\" content=\"1 minute\">\r\n<script type=\"application\/ld+json\" class=\"yoast-schema-graph\">{\"@context\":\"https:\/\/schema.org\",\"@graph\":[{\"@type\":\"WebSite\",\"@id\":\"https:\/\/www.nautilusplus.com\/fr\/#website\",\"url\":\"https:\/\/www.nautilusplus.com\/fr\/\",\"name\":\"Nautilus Plus\",\"description\":\"Plus qu&#039;un gym\",\"potentialAction\":[{\"@type\":\"SearchAction\",\"target\":\"https:\/\/www.nautilusplus.com\/fr\/?s={search_term_string}\",\"query-input\":\"required name=search_term_string\"}],\"inLanguage\":\"fr-FR\"},{\"@type\":\"ImageObject\",\"@id\":\"https:\/\/www.nautilusplus.com\/fr\/services-aux-entreprises\/services-a-la-carte\/#primaryimage\",\"inLanguage\":\"fr-FR\",\"url\":\"https:\/\/www.nautilusplus.com\/content\/uploads\/2026\/01\/nouvelle-03_crop-scaled.jpg\",\"contentUrl\":\"https:\/\/www.nautilusplus.com\/content\/uploads\/2026\/01\/nouvelle-03_crop-scaled.jpg\",\"width\":2560,\"height\":1660},{\"@type\":\"WebPage\",\"@id\":\"https:\/\/www.nautilusplus.com\/fr\/services-aux-entreprises\/services-a-la-carte\/#webpage\",\"url\":\"https:\/\/www.nautilusplus.com\/fr\/services-aux-entreprises\/services-a-la-carte\/\",\"name\":\"SERVICES \\u00c0 LA CARTE - Nautilus Plus\",\"isPartOf\":{\"@id\":\"https:\/\/www.nautilusplus.com\/fr\/#website\"},\"primaryImageOfPage\":{\"@id\":\"https:\/\/www.nautilusplus.com\/fr\/services-aux-entreprises\/services-a-la-carte\/#primaryimage\"},\"datePublished\":\"2022-04-21T15:40:20+00:00\",\"dateModified\":\"2026-03-30T17:53:11+00:00\",\"breadcrumb\":{\"@id\":\"https:\/\/www.nautilusplus.com\/fr\/services-aux-entreprises\/services-a-la-carte\/#breadcrumb\"},\"inLanguage\":\"fr-FR\",\"potentialAction\":[{\"@type\":\"ReadAction\",\"target\":[\"https:\/\/www.nautilusplus.com\/fr\/services-aux-entreprises\/services-a-la-carte\/\"]}]},{\"@type\":\"BreadcrumbList\",\"@id\":\"https:\/\/www.nautilusplus.com\/fr\/services-aux-entreprises\/services-a-la-carte\/#breadcrumb\",\"itemListElement\":[{\"@type\":\"ListItem\",\"position\":1,\"item\":{\"@type\":\"WebPage\",\"@id\":\"https:\/\/www.nautilusplus.com\/fr\/\",\"url\":\"https:\/\/www.nautilusplus.com\/fr\/\",\"name\":\"Home\"}},{\"@type\":\"ListItem\",\"position\":2,\"item\":{\"@type\":\"WebPage\",\"@id\":\"https:\/\/www.nautilusplus.com\/fr\/services-aux-entreprises\/\",\"url\":\"https:\/\/www.nautilusplus.com\/fr\/services-aux-entreprises\/\",\"name\":\"SERVICES AUX ENTREPRISES\"}},{\"@type\":\"ListItem\",\"position\":3,\"item\":{\"@id\":\"https:\/\/www.nautilusplus.com\/fr\/services-aux-entreprises\/services-a-la-carte\/#webpage\"}}]}]}<\/script>\r\n<!-- \/ Yoast SEO plugin. -->","_links":{"self":[{"href":"https:\/\/cms.nautilusplus.com\/fr\/wp-json\/wp\/v2\/pages\/44110"}],"collection":[{"href":"https:\/\/cms.nautilusplus.com\/fr\/wp-json\/wp\/v2\/pages"}],"about":[{"href":"https:\/\/cms.nautilusplus.com\/fr\/wp-json\/wp\/v2\/types\/page"}],"author":[{"embeddable":true,"href":"https:\/\/cms.nautilusplus.com\/fr\/wp-json\/wp\/v2\/users\/78"}],"replies":[{"embeddable":true,"href":"https:\/\/cms.nautilusplus.com\/fr\/wp-json\/wp\/v2\/comments?post=44110"}],"version-history":[{"count":0,"href":"https:\/\/cms.nautilusplus.com\/fr\/wp-json\/wp\/v2\/pages\/44110\/revisions"}],"up":[{"embeddable":true,"href":"https:\/\/cms.nautilusplus.com\/fr\/wp-json\/wp\/v2\/pages\/44077"}],"wp:featuredmedia":[{"embeddable":true,"href":"https:\/\/cms.nautilusplus.com\/fr\/wp-json\/wp\/v2\/media\/48884"}],"wp:attachment":[{"href":"https:\/\/cms.nautilusplus.com\/fr\/wp-json\/wp\/v2\/media?parent=44110"}],"curies":[{"name":"wp","href":"https:\/\/api.w.org\/{rel}","templated":true}]}}