{"id":44079,"date":"2022-04-13T18:10:57","date_gmt":"2022-04-13T18:10:57","guid":{"rendered":"https:\/\/preprod.nautilusplus.com\/?page_id=44079"},"modified":"2023-10-19T08:55:24","modified_gmt":"2023-10-19T12:55:24","slug":"abonnements-corporatifs","status":"publish","type":"page","link":"https:\/\/cms.nautilusplus.com\/fr\/services-aux-entreprises\/abonnements-corporatifs\/","title":{"rendered":"Abonnements corporatifs"},"content":{"rendered":"\n<p><strong>Afin d\u2019encourager vos employ\u00e9s \u00e0 adopter un style de vie actif et de saines habitudes alimentaires, Nautilus Plus leur offre la possibilit\u00e9 de participer directement dans l\u2019une de nos succursales ou dans le confort de leur foyer via notre plateforme en ligne.<\/strong><\/p>\n","protected":false},"excerpt":{"rendered":"<p>Afin d\u2019encourager vos employ\u00e9s \u00e0 adopter un style de vie actif et de saines habitudes alimentaires, Nautilus Plus leur offre la possibilit\u00e9 de participer directement dans l\u2019une de nos succursales ou dans le confort de leur foyer via notre plateforme en ligne.<\/p>\n","protected":false},"author":78,"featured_media":40170,"parent":44077,"menu_order":0,"comment_status":"closed","ping_status":"closed","template":"page-corpo-abonnements.php","meta":[],"yoast_head":"<!-- This site is optimized with the Yoast SEO plugin v16.3 - https:\/\/yoast.com\/wordpress\/plugins\/seo\/ -->\r\n<meta name=\"robots\" content=\"index, follow, max-snippet:-1, max-image-preview:large, max-video-preview:-1\" \/>\r\n<link rel=\"canonical\" href=\"https:\/\/www.nautilusplus.com\/fr\/services-aux-entreprises\/abonnements-corporatifs\/\" \/>\r\n<meta property=\"og:locale\" content=\"fr_FR\" \/>\r\n<meta property=\"og:type\" content=\"article\" \/>\r\n<meta property=\"og:title\" content=\"Abonnements corporatifs - Nautilus Plus\" \/>\r\n<meta property=\"og:description\" content=\"Afin d\u2019encourager vos employ\u00e9s \u00e0 adopter un style de vie actif et de saines habitudes alimentaires, Nautilus Plus leur offre la possibilit\u00e9 de participer directement dans l\u2019une de nos succursales ou dans le confort de leur foyer via notre plateforme en ligne.\" \/>\r\n<meta property=\"og:url\" content=\"https:\/\/www.nautilusplus.com\/fr\/services-aux-entreprises\/abonnements-corporatifs\/\" \/>\r\n<meta property=\"og:site_name\" content=\"Nautilus Plus\" \/>\r\n<meta property=\"article:modified_time\" content=\"2023-10-19T12:55:24+00:00\" \/>\r\n<meta property=\"og:image\" content=\"https:\/\/www.nautilusplus.com\/content\/uploads\/2022\/05\/fond-gym-scaled.jpg\" \/>\r\n\t<meta property=\"og:image:width\" content=\"2560\" \/>\r\n\t<meta property=\"og:image:height\" content=\"1439\" \/>\r\n<meta name=\"twitter:label1\" content=\"Est. reading time\">\n\t<meta name=\"twitter:data1\" content=\"1 minute\">\r\n<script type=\"application\/ld+json\" class=\"yoast-schema-graph\">{\"@context\":\"https:\/\/schema.org\",\"@graph\":[{\"@type\":\"WebSite\",\"@id\":\"https:\/\/www.nautilusplus.com\/fr\/#website\",\"url\":\"https:\/\/www.nautilusplus.com\/fr\/\",\"name\":\"Nautilus Plus\",\"description\":\"Plus qu&#039;un gym\",\"potentialAction\":[{\"@type\":\"SearchAction\",\"target\":\"https:\/\/www.nautilusplus.com\/fr\/?s={search_term_string}\",\"query-input\":\"required name=search_term_string\"}],\"inLanguage\":\"fr-FR\"},{\"@type\":\"ImageObject\",\"@id\":\"https:\/\/www.nautilusplus.com\/fr\/services-aux-entreprises\/abonnements-corporatifs\/#primaryimage\",\"inLanguage\":\"fr-FR\",\"url\":\"https:\/\/www.nautilusplus.com\/content\/uploads\/2022\/05\/fond-gym-scaled.jpg\",\"contentUrl\":\"https:\/\/www.nautilusplus.com\/content\/uploads\/2022\/05\/fond-gym-scaled.jpg\",\"width\":2560,\"height\":1439},{\"@type\":\"WebPage\",\"@id\":\"https:\/\/www.nautilusplus.com\/fr\/services-aux-entreprises\/abonnements-corporatifs\/#webpage\",\"url\":\"https:\/\/www.nautilusplus.com\/fr\/services-aux-entreprises\/abonnements-corporatifs\/\",\"name\":\"Abonnements corporatifs - Nautilus Plus\",\"isPartOf\":{\"@id\":\"https:\/\/www.nautilusplus.com\/fr\/#website\"},\"primaryImageOfPage\":{\"@id\":\"https:\/\/www.nautilusplus.com\/fr\/services-aux-entreprises\/abonnements-corporatifs\/#primaryimage\"},\"datePublished\":\"2022-04-13T18:10:57+00:00\",\"dateModified\":\"2023-10-19T12:55:24+00:00\",\"breadcrumb\":{\"@id\":\"https:\/\/www.nautilusplus.com\/fr\/services-aux-entreprises\/abonnements-corporatifs\/#breadcrumb\"},\"inLanguage\":\"fr-FR\",\"potentialAction\":[{\"@type\":\"ReadAction\",\"target\":[\"https:\/\/www.nautilusplus.com\/fr\/services-aux-entreprises\/abonnements-corporatifs\/\"]}]},{\"@type\":\"BreadcrumbList\",\"@id\":\"https:\/\/www.nautilusplus.com\/fr\/services-aux-entreprises\/abonnements-corporatifs\/#breadcrumb\",\"itemListElement\":[{\"@type\":\"ListItem\",\"position\":1,\"item\":{\"@type\":\"WebPage\",\"@id\":\"https:\/\/www.nautilusplus.com\/fr\/\",\"url\":\"https:\/\/www.nautilusplus.com\/fr\/\",\"name\":\"Home\"}},{\"@type\":\"ListItem\",\"position\":2,\"item\":{\"@type\":\"WebPage\",\"@id\":\"https:\/\/www.nautilusplus.com\/fr\/services-aux-entreprises\/\",\"url\":\"https:\/\/www.nautilusplus.com\/fr\/services-aux-entreprises\/\",\"name\":\"SERVICES AUX ENTREPRISES\"}},{\"@type\":\"ListItem\",\"position\":3,\"item\":{\"@id\":\"https:\/\/www.nautilusplus.com\/fr\/services-aux-entreprises\/abonnements-corporatifs\/#webpage\"}}]}]}<\/script>\r\n<!-- \/ Yoast SEO plugin. -->","_links":{"self":[{"href":"https:\/\/cms.nautilusplus.com\/fr\/wp-json\/wp\/v2\/pages\/44079"}],"collection":[{"href":"https:\/\/cms.nautilusplus.com\/fr\/wp-json\/wp\/v2\/pages"}],"about":[{"href":"https:\/\/cms.nautilusplus.com\/fr\/wp-json\/wp\/v2\/types\/page"}],"author":[{"embeddable":true,"href":"https:\/\/cms.nautilusplus.com\/fr\/wp-json\/wp\/v2\/users\/78"}],"replies":[{"embeddable":true,"href":"https:\/\/cms.nautilusplus.com\/fr\/wp-json\/wp\/v2\/comments?post=44079"}],"version-history":[{"count":0,"href":"https:\/\/cms.nautilusplus.com\/fr\/wp-json\/wp\/v2\/pages\/44079\/revisions"}],"up":[{"embeddable":true,"href":"https:\/\/cms.nautilusplus.com\/fr\/wp-json\/wp\/v2\/pages\/44077"}],"wp:featuredmedia":[{"embeddable":true,"href":"https:\/\/cms.nautilusplus.com\/fr\/wp-json\/wp\/v2\/media\/40170"}],"wp:attachment":[{"href":"https:\/\/cms.nautilusplus.com\/fr\/wp-json\/wp\/v2\/media?parent=44079"}],"curies":[{"name":"wp","href":"https:\/\/api.w.org\/{rel}","templated":true}]}}