{"id":44077,"date":"2022-04-13T17:50:04","date_gmt":"2022-04-13T17:50:04","guid":{"rendered":"https:\/\/preprod.nautilusplus.com\/?page_id=44077"},"modified":"2024-09-06T09:28:47","modified_gmt":"2024-09-06T13:28:47","slug":"services-aux-entreprises","status":"publish","type":"page","link":"https:\/\/cms.nautilusplus.com\/fr\/services-aux-entreprises\/","title":{"rendered":"SERVICES AUX ENTREPRISES"},"content":{"rendered":"\n<h2>LA SANT\u00c9 DE VOS EMPLOY\u00c9S VOUS TIENT \u00c0 C\u0152UR? <strong>NOUS AUSSI!<\/strong><\/h2>\n\n\n\n<p>De nombreuses entreprises prennent conscience de l\u2019importance du bien-\u00eatre de leurs employ\u00e9s : un employ\u00e9 bien dans son corps et dans sa t\u00eate est aussi un talent investi et plus productif au travail ! Voil\u00e0 d\u2019o\u00f9 est n\u00e9 SEME+&nbsp;: notre service corporatif pour la <strong>Sant\u00e9 des Employ\u00e9s et le Mieux-\u00eatre en Entreprises.<\/strong><\/p>\n\n\n<div class=\"wp-block-image\">\n<figure class=\"aligncenter size-large is-resized\"><img decoding=\"async\" loading=\"lazy\" src=\"https:\/\/www.nautilusplus.com\/content\/uploads\/2023\/01\/semefr.png\" alt=\"\" class=\"wp-image-45519\" width=\"326\" height=\"138\"\/><\/figure><\/div>\n\n\n<p><strong>Avec SEME+, <\/strong>Nautilus Plus vous accompagne afin d\u2019offrir des services adapt\u00e9s \u00e0 votre r\u00e9alit\u00e9 au travail. Que ce soit directement dans votre entreprise, en virtuel ou dans l\u2019une de nos succursales Nautilus Plus, vos employ\u00e9s profiteront d\u2019une gamme de services vari\u00e9s.<\/p>\n\n\n\n<p><strong><strong>En plus de b\u00e9n\u00e9ficier de tarifs avantageux, Nautilus Plus est l\u00e0 pour vous soutenir \u00e0 diff\u00e9rents niveaux&nbsp;dont :<\/strong><\/strong><\/p>\n\n\n\n<ul>\n<li>Un <strong>service personnalis\u00e9 d\u2019accompagnement pour prendre en charge votre projet de mieux-\u00eatre<\/strong> peu importe la taille de votre entreprise.<\/li>\n\n\n\n<li>Diff\u00e9rents&nbsp;<strong>services personnalis\u00e9s et en groupe, en entrainement et en nutrition<\/strong>, en personne ou en ligne avec nos kin\u00e9siologues et nutritionnistes (bilans de sant\u00e9, plans d\u2019entrainement, suivis personnalis\u00e9s, etc.).<\/li>\n\n\n\n<li>Des services d\u2019<strong>am\u00e9nagement d\u2019une salle d\u2019entrainement<\/strong> ou de modernisation sur vos lieux de travail (Plan d\u2019am\u00e9nagement, fourniture d\u2019\u00e9quipements et d\u2019accessoires d\u2019entrainement, conseils dans la gestion de l\u2019op\u00e9ration).<\/li>\n<\/ul>\n","protected":false},"excerpt":{"rendered":"<p>LA SANT\u00c9 DE VOS EMPLOY\u00c9S VOUS TIENT \u00c0 C\u0152UR? NOUS AUSSI! De nombreuses entreprises prennent conscience de l\u2019importance du bien-\u00eatre de leurs employ\u00e9s : un employ\u00e9 bien dans son corps et dans sa t\u00eate est aussi un talent investi et plus productif au travail ! Voil\u00e0 d\u2019o\u00f9 est n\u00e9 SEME+&nbsp;: notre service corporatif pour la [&hellip;]<\/p>\n","protected":false},"author":78,"featured_media":40172,"parent":0,"menu_order":0,"comment_status":"closed","ping_status":"closed","template":"page-corpo.php","meta":[],"yoast_head":"<!-- This site is optimized with the Yoast SEO plugin v16.3 - https:\/\/yoast.com\/wordpress\/plugins\/seo\/ -->\r\n<meta name=\"robots\" content=\"index, follow, max-snippet:-1, max-image-preview:large, max-video-preview:-1\" \/>\r\n<link rel=\"canonical\" href=\"https:\/\/www.nautilusplus.com\/fr\/services-aux-entreprises\/\" \/>\r\n<meta property=\"og:locale\" content=\"fr_FR\" \/>\r\n<meta property=\"og:type\" content=\"article\" \/>\r\n<meta property=\"og:title\" content=\"SERVICES AUX ENTREPRISES - Nautilus Plus\" \/>\r\n<meta property=\"og:description\" content=\"LA SANT\u00c9 DE VOS EMPLOY\u00c9S VOUS TIENT \u00c0 C\u0152UR? NOUS AUSSI! De nombreuses entreprises prennent conscience de l\u2019importance du bien-\u00eatre de leurs employ\u00e9s : un employ\u00e9 bien dans son corps et dans sa t\u00eate est aussi un talent investi et plus productif au travail ! Voil\u00e0 d\u2019o\u00f9 est n\u00e9 SEME+&nbsp;: notre service corporatif pour la [&hellip;]\" \/>\r\n<meta property=\"og:url\" content=\"https:\/\/www.nautilusplus.com\/fr\/services-aux-entreprises\/\" \/>\r\n<meta property=\"og:site_name\" content=\"Nautilus Plus\" \/>\r\n<meta property=\"article:modified_time\" content=\"2024-09-06T13:28:47+00:00\" \/>\r\n<meta property=\"og:image\" content=\"https:\/\/www.nautilusplus.com\/content\/uploads\/2022\/05\/fond-bureau.jpg\" \/>\r\n\t<meta property=\"og:image:width\" content=\"1399\" \/>\r\n\t<meta property=\"og:image:height\" content=\"870\" \/>\r\n<meta name=\"twitter:label1\" content=\"Est. reading time\">\n\t<meta name=\"twitter:data1\" content=\"2 minutes\">\r\n<script type=\"application\/ld+json\" class=\"yoast-schema-graph\">{\"@context\":\"https:\/\/schema.org\",\"@graph\":[{\"@type\":\"WebSite\",\"@id\":\"https:\/\/www.nautilusplus.com\/fr\/#website\",\"url\":\"https:\/\/www.nautilusplus.com\/fr\/\",\"name\":\"Nautilus Plus\",\"description\":\"Plus qu&#039;un gym\",\"potentialAction\":[{\"@type\":\"SearchAction\",\"target\":\"https:\/\/www.nautilusplus.com\/fr\/?s={search_term_string}\",\"query-input\":\"required name=search_term_string\"}],\"inLanguage\":\"fr-FR\"},{\"@type\":\"ImageObject\",\"@id\":\"https:\/\/www.nautilusplus.com\/fr\/services-aux-entreprises\/#primaryimage\",\"inLanguage\":\"fr-FR\",\"url\":\"https:\/\/www.nautilusplus.com\/content\/uploads\/2022\/05\/fond-bureau.jpg\",\"contentUrl\":\"https:\/\/www.nautilusplus.com\/content\/uploads\/2022\/05\/fond-bureau.jpg\",\"width\":1399,\"height\":870},{\"@type\":\"WebPage\",\"@id\":\"https:\/\/www.nautilusplus.com\/fr\/services-aux-entreprises\/#webpage\",\"url\":\"https:\/\/www.nautilusplus.com\/fr\/services-aux-entreprises\/\",\"name\":\"SERVICES AUX ENTREPRISES - Nautilus Plus\",\"isPartOf\":{\"@id\":\"https:\/\/www.nautilusplus.com\/fr\/#website\"},\"primaryImageOfPage\":{\"@id\":\"https:\/\/www.nautilusplus.com\/fr\/services-aux-entreprises\/#primaryimage\"},\"datePublished\":\"2022-04-13T17:50:04+00:00\",\"dateModified\":\"2024-09-06T13:28:47+00:00\",\"breadcrumb\":{\"@id\":\"https:\/\/www.nautilusplus.com\/fr\/services-aux-entreprises\/#breadcrumb\"},\"inLanguage\":\"fr-FR\",\"potentialAction\":[{\"@type\":\"ReadAction\",\"target\":[\"https:\/\/www.nautilusplus.com\/fr\/services-aux-entreprises\/\"]}]},{\"@type\":\"BreadcrumbList\",\"@id\":\"https:\/\/www.nautilusplus.com\/fr\/services-aux-entreprises\/#breadcrumb\",\"itemListElement\":[{\"@type\":\"ListItem\",\"position\":1,\"item\":{\"@type\":\"WebPage\",\"@id\":\"https:\/\/www.nautilusplus.com\/fr\/\",\"url\":\"https:\/\/www.nautilusplus.com\/fr\/\",\"name\":\"Home\"}},{\"@type\":\"ListItem\",\"position\":2,\"item\":{\"@id\":\"https:\/\/www.nautilusplus.com\/fr\/services-aux-entreprises\/#webpage\"}}]}]}<\/script>\r\n<!-- \/ Yoast SEO plugin. -->","_links":{"self":[{"href":"https:\/\/cms.nautilusplus.com\/fr\/wp-json\/wp\/v2\/pages\/44077"}],"collection":[{"href":"https:\/\/cms.nautilusplus.com\/fr\/wp-json\/wp\/v2\/pages"}],"about":[{"href":"https:\/\/cms.nautilusplus.com\/fr\/wp-json\/wp\/v2\/types\/page"}],"author":[{"embeddable":true,"href":"https:\/\/cms.nautilusplus.com\/fr\/wp-json\/wp\/v2\/users\/78"}],"replies":[{"embeddable":true,"href":"https:\/\/cms.nautilusplus.com\/fr\/wp-json\/wp\/v2\/comments?post=44077"}],"version-history":[{"count":0,"href":"https:\/\/cms.nautilusplus.com\/fr\/wp-json\/wp\/v2\/pages\/44077\/revisions"}],"wp:featuredmedia":[{"embeddable":true,"href":"https:\/\/cms.nautilusplus.com\/fr\/wp-json\/wp\/v2\/media\/40172"}],"wp:attachment":[{"href":"https:\/\/cms.nautilusplus.com\/fr\/wp-json\/wp\/v2\/media?parent=44077"}],"curies":[{"name":"wp","href":"https:\/\/api.w.org\/{rel}","templated":true}]}}