{"id":3760,"date":"2013-10-07T19:16:50","date_gmt":"2013-10-07T19:16:50","guid":{"rendered":"http:\/\/nautilus.dev\/?page_id=3760"},"modified":"2021-11-03T09:13:52","modified_gmt":"2021-11-03T13:13:52","slug":"entraineurs-personnels-nutritionnistes","status":"publish","type":"page","link":"https:\/\/cms.nautilusplus.com\/fr\/entraineurs-personnels-nutritionnistes\/","title":{"rendered":"Entraineurs personnels et nutritionnistes"},"content":{"rendered":"<h2>Professionels accr\u00e9dit\u00e9s<\/h2>\n<p>Chez Nautilus Plus, tous nos entraineurs personnels d\u00e9tiennent une formation universitaire dans un domaine li\u00e9 \u00e0 l\u2019activit\u00e9 physique (\u00e9ducation physique, kin\u00e9siologie, th\u00e9rapie sportive, intervention sportive) ou sont en voie d\u2019obtenir leur dipl\u00f4me. Nos nutritionnistes d\u00e9tiennent un baccalaur\u00e9at en nutrition reconnu par l\u2018Ordre des Di\u00e9t\u00e9tistes Nutritionnistes du Qu\u00e9bec (ODNQ).<\/p>\n<p><b>Nautilus Plus est le seul employeur dans son industrie \u00e0 n\u2019embaucher qu\u2019uniquement des professionnels ayant une formation universitaire dans leur champs d\u2019intervention professionnel afin d&rsquo;avoir la meilleure \u00e9quipe pour l\u2019encadrement de sa client\u00e8le.<\/b><\/p>\n","protected":false},"excerpt":{"rendered":"<p>Professionels accr\u00e9dit\u00e9s Chez Nautilus Plus, tous nos entraineurs personnels d\u00e9tiennent une formation universitaire dans un domaine li\u00e9 \u00e0 l\u2019activit\u00e9 physique (\u00e9ducation physique, kin\u00e9siologie, th\u00e9rapie sportive, intervention sportive) ou sont en voie d\u2019obtenir leur dipl\u00f4me. Nos nutritionnistes d\u00e9tiennent un baccalaur\u00e9at en nutrition reconnu par l\u2018Ordre des Di\u00e9t\u00e9tistes Nutritionnistes du Qu\u00e9bec (ODNQ). Nautilus Plus est le seul [&hellip;]<\/p>\n","protected":false},"author":17,"featured_media":0,"parent":0,"menu_order":0,"comment_status":"closed","ping_status":"closed","template":"page-team.php","meta":[],"yoast_head":"<!-- This site is optimized with the Yoast SEO plugin v16.3 - https:\/\/yoast.com\/wordpress\/plugins\/seo\/ -->\r\n<meta name=\"description\" content=\"D\u00e9couvrez toute l&#039;information sur nos entraineurs personnels et nutritionnistes sur NautilusPlus.com\" \/>\r\n<meta name=\"robots\" content=\"index, follow, max-snippet:-1, max-image-preview:large, max-video-preview:-1\" \/>\r\n<link rel=\"canonical\" href=\"https:\/\/www.nautilusplus.com\/fr\/entraineurs-personnels-nutritionnistes\/\" \/>\r\n<meta property=\"og:locale\" content=\"fr_FR\" \/>\r\n<meta property=\"og:type\" content=\"article\" \/>\r\n<meta property=\"og:title\" content=\"Entraineurs personnels et nutritionnistes\" \/>\r\n<meta property=\"og:description\" content=\"D\u00e9couvrez toute l&#039;information sur nos entraineurs personnels et nutritionnistes sur NautilusPlus.com\" \/>\r\n<meta property=\"og:url\" content=\"https:\/\/www.nautilusplus.com\/fr\/entraineurs-personnels-nutritionnistes\/\" \/>\r\n<meta property=\"og:site_name\" content=\"Nautilus Plus\" \/>\r\n<meta property=\"article:modified_time\" content=\"2021-11-03T13:13:52+00:00\" \/>\r\n<meta name=\"twitter:label1\" content=\"Est. reading time\">\n\t<meta name=\"twitter:data1\" content=\"1 minute\">\r\n<script type=\"application\/ld+json\" class=\"yoast-schema-graph\">{\"@context\":\"https:\/\/schema.org\",\"@graph\":[{\"@type\":\"WebSite\",\"@id\":\"https:\/\/www.nautilusplus.com\/#website\",\"url\":\"https:\/\/www.nautilusplus.com\/\",\"name\":\"Nautilus Plus\",\"description\":\"Plus qu&#039;un gym\",\"potentialAction\":[{\"@type\":\"SearchAction\",\"target\":\"https:\/\/www.nautilusplus.com\/?s={search_term_string}\",\"query-input\":\"required name=search_term_string\"}],\"inLanguage\":\"fr-FR\"},{\"@type\":\"WebPage\",\"@id\":\"https:\/\/www.nautilusplus.com\/fr\/entraineurs-personnels-nutritionnistes\/#webpage\",\"url\":\"https:\/\/www.nautilusplus.com\/fr\/entraineurs-personnels-nutritionnistes\/\",\"name\":\"Entraineurs personnels et nutritionnistes\",\"isPartOf\":{\"@id\":\"https:\/\/www.nautilusplus.com\/#website\"},\"datePublished\":\"2013-10-07T19:16:50+00:00\",\"dateModified\":\"2021-11-03T13:13:52+00:00\",\"description\":\"D\\u00e9couvrez toute l'information sur nos entraineurs personnels et nutritionnistes sur NautilusPlus.com\",\"breadcrumb\":{\"@id\":\"https:\/\/www.nautilusplus.com\/fr\/entraineurs-personnels-nutritionnistes\/#breadcrumb\"},\"inLanguage\":\"fr-FR\",\"potentialAction\":[{\"@type\":\"ReadAction\",\"target\":[\"https:\/\/www.nautilusplus.com\/fr\/entraineurs-personnels-nutritionnistes\/\"]}]},{\"@type\":\"BreadcrumbList\",\"@id\":\"https:\/\/www.nautilusplus.com\/fr\/entraineurs-personnels-nutritionnistes\/#breadcrumb\",\"itemListElement\":[{\"@type\":\"ListItem\",\"position\":1,\"item\":{\"@type\":\"WebPage\",\"@id\":\"https:\/\/www.nautilusplus.com\/fr\/\",\"url\":\"https:\/\/www.nautilusplus.com\/fr\/\",\"name\":\"Home\"}},{\"@type\":\"ListItem\",\"position\":2,\"item\":{\"@id\":\"https:\/\/www.nautilusplus.com\/fr\/entraineurs-personnels-nutritionnistes\/#webpage\"}}]}]}<\/script>\r\n<!-- \/ Yoast SEO plugin. -->","_links":{"self":[{"href":"https:\/\/cms.nautilusplus.com\/fr\/wp-json\/wp\/v2\/pages\/3760"}],"collection":[{"href":"https:\/\/cms.nautilusplus.com\/fr\/wp-json\/wp\/v2\/pages"}],"about":[{"href":"https:\/\/cms.nautilusplus.com\/fr\/wp-json\/wp\/v2\/types\/page"}],"author":[{"embeddable":true,"href":"https:\/\/cms.nautilusplus.com\/fr\/wp-json\/wp\/v2\/users\/17"}],"replies":[{"embeddable":true,"href":"https:\/\/cms.nautilusplus.com\/fr\/wp-json\/wp\/v2\/comments?post=3760"}],"version-history":[{"count":0,"href":"https:\/\/cms.nautilusplus.com\/fr\/wp-json\/wp\/v2\/pages\/3760\/revisions"}],"wp:attachment":[{"href":"https:\/\/cms.nautilusplus.com\/fr\/wp-json\/wp\/v2\/media?parent=3760"}],"curies":[{"name":"wp","href":"https:\/\/api.w.org\/{rel}","templated":true}]}}