{"id":3759,"date":"2013-10-07T19:10:41","date_gmt":"2013-10-07T19:10:41","guid":{"rendered":"http:\/\/nautilus.dev\/?page_id=3759"},"modified":"2023-12-20T09:36:07","modified_gmt":"2023-12-20T14:36:07","slug":"groupes-dentrainement-supervise","status":"publish","type":"page","link":"https:\/\/cms.nautilusplus.com\/fr\/groupes-dentrainement-supervise\/","title":{"rendered":"Groupes d&rsquo;entra\u00eenements supervis\u00e9s"},"content":{"rendered":"<div>\n<p><strong>En petits groupes,<\/strong> et sous la supervision de nos r\u00e9put\u00e9s <strong>entraineurs\/kin\u00e9siologues<\/strong>, les groupes d\u2019entrainements supervis\u00e9s, en succursale ou en virtuel, sont con\u00e7us pour vous motiver et vous guider professionnellement.<\/p>\n<p><a style=\"color: white;\" href=\"https:\/\/www.nautilusplus.com\/fr\/trouver-mon-nautilus\/\"><u>Contactez votre centre<\/u><\/a> pour connaitre les diff\u00e9rents cours offerts \u00e0 votre succursale.<\/p>\n<\/div>\n","protected":false},"excerpt":{"rendered":"<p>En petits groupes, et sous la supervision de nos r\u00e9put\u00e9s entraineurs\/kin\u00e9siologues, les groupes d\u2019entrainements supervis\u00e9s, en succursale ou en virtuel, sont con\u00e7us pour vous motiver et vous guider professionnellement. Contactez votre centre pour connaitre les diff\u00e9rents cours offerts \u00e0 votre succursale.<\/p>\n","protected":false},"author":17,"featured_media":37683,"parent":0,"menu_order":0,"comment_status":"closed","ping_status":"closed","template":"page-supervised-training-virtual.php","meta":[],"yoast_head":"<!-- This site is optimized with the Yoast SEO plugin v16.3 - https:\/\/yoast.com\/wordpress\/plugins\/seo\/ -->\r\n<meta name=\"description\" content=\"D\u00e9couvrez nos groupes d&#039;entra\u00eenements supervis\u00e9s, sous la supervision de nos r\u00e9put\u00e9s kin\u00e9siologues, en succursale et en ligne - Nautilus Plus\" \/>\r\n<meta name=\"robots\" content=\"index, follow, max-snippet:-1, max-image-preview:large, max-video-preview:-1\" \/>\r\n<link rel=\"canonical\" href=\"https:\/\/www.nautilusplus.com\/fr\/groupes-dentrainement-supervise\/\" \/>\r\n<meta property=\"og:locale\" content=\"fr_FR\" \/>\r\n<meta property=\"og:type\" content=\"article\" \/>\r\n<meta property=\"og:title\" content=\"Groupes d&#039;entra\u00eenements supervis\u00e9s au gym et en ligne - Nautilus Plus\" \/>\r\n<meta property=\"og:description\" content=\"D\u00e9couvrez nos groupes d&#039;entra\u00eenements supervis\u00e9s, sous la supervision de nos r\u00e9put\u00e9s kin\u00e9siologues, en succursale et en ligne - Nautilus Plus\" \/>\r\n<meta property=\"og:url\" content=\"https:\/\/www.nautilusplus.com\/fr\/groupes-dentrainement-supervise\/\" \/>\r\n<meta property=\"og:site_name\" content=\"Nautilus Plus\" \/>\r\n<meta property=\"article:modified_time\" content=\"2023-12-20T14:36:07+00:00\" \/>\r\n<meta property=\"og:image\" content=\"https:\/\/www.nautilusplus.com\/content\/uploads\/2021\/06\/groupe-entrainement-supervise-1.jpg\" \/>\r\n\t<meta property=\"og:image:width\" content=\"2400\" \/>\r\n\t<meta property=\"og:image:height\" content=\"1600\" \/>\r\n<meta name=\"twitter:label1\" content=\"Est. reading time\">\n\t<meta name=\"twitter:data1\" content=\"1 minute\">\r\n<script type=\"application\/ld+json\" class=\"yoast-schema-graph\">{\"@context\":\"https:\/\/schema.org\",\"@graph\":[{\"@type\":\"WebSite\",\"@id\":\"https:\/\/www.nautilusplus.com\/fr\/#website\",\"url\":\"https:\/\/www.nautilusplus.com\/fr\/\",\"name\":\"Nautilus Plus\",\"description\":\"Plus qu&#039;un gym\",\"potentialAction\":[{\"@type\":\"SearchAction\",\"target\":\"https:\/\/www.nautilusplus.com\/fr\/?s={search_term_string}\",\"query-input\":\"required name=search_term_string\"}],\"inLanguage\":\"fr-FR\"},{\"@type\":\"ImageObject\",\"@id\":\"https:\/\/www.nautilusplus.com\/fr\/groupes-dentrainement-supervise\/#primaryimage\",\"inLanguage\":\"fr-FR\",\"url\":\"https:\/\/www.nautilusplus.com\/content\/uploads\/2021\/06\/groupe-entrainement-supervise-1.jpg\",\"contentUrl\":\"https:\/\/www.nautilusplus.com\/content\/uploads\/2021\/06\/groupe-entrainement-supervise-1.jpg\",\"width\":2400,\"height\":1600},{\"@type\":\"WebPage\",\"@id\":\"https:\/\/www.nautilusplus.com\/fr\/groupes-dentrainement-supervise\/#webpage\",\"url\":\"https:\/\/www.nautilusplus.com\/fr\/groupes-dentrainement-supervise\/\",\"name\":\"Groupes d'entra\\u00eenements supervis\\u00e9s au gym et en ligne - Nautilus Plus\",\"isPartOf\":{\"@id\":\"https:\/\/www.nautilusplus.com\/fr\/#website\"},\"primaryImageOfPage\":{\"@id\":\"https:\/\/www.nautilusplus.com\/fr\/groupes-dentrainement-supervise\/#primaryimage\"},\"datePublished\":\"2013-10-07T19:10:41+00:00\",\"dateModified\":\"2023-12-20T14:36:07+00:00\",\"description\":\"D\\u00e9couvrez nos groupes d'entra\\u00eenements supervis\\u00e9s, sous la supervision de nos r\\u00e9put\\u00e9s kin\\u00e9siologues, en succursale et en ligne - Nautilus Plus\",\"breadcrumb\":{\"@id\":\"https:\/\/www.nautilusplus.com\/fr\/groupes-dentrainement-supervise\/#breadcrumb\"},\"inLanguage\":\"fr-FR\",\"potentialAction\":[{\"@type\":\"ReadAction\",\"target\":[\"https:\/\/www.nautilusplus.com\/fr\/groupes-dentrainement-supervise\/\"]}]},{\"@type\":\"BreadcrumbList\",\"@id\":\"https:\/\/www.nautilusplus.com\/fr\/groupes-dentrainement-supervise\/#breadcrumb\",\"itemListElement\":[{\"@type\":\"ListItem\",\"position\":1,\"item\":{\"@type\":\"WebPage\",\"@id\":\"https:\/\/www.nautilusplus.com\/fr\/\",\"url\":\"https:\/\/www.nautilusplus.com\/fr\/\",\"name\":\"Home\"}},{\"@type\":\"ListItem\",\"position\":2,\"item\":{\"@id\":\"https:\/\/www.nautilusplus.com\/fr\/groupes-dentrainement-supervise\/#webpage\"}}]}]}<\/script>\r\n<!-- \/ Yoast SEO plugin. -->","_links":{"self":[{"href":"https:\/\/cms.nautilusplus.com\/fr\/wp-json\/wp\/v2\/pages\/3759"}],"collection":[{"href":"https:\/\/cms.nautilusplus.com\/fr\/wp-json\/wp\/v2\/pages"}],"about":[{"href":"https:\/\/cms.nautilusplus.com\/fr\/wp-json\/wp\/v2\/types\/page"}],"author":[{"embeddable":true,"href":"https:\/\/cms.nautilusplus.com\/fr\/wp-json\/wp\/v2\/users\/17"}],"replies":[{"embeddable":true,"href":"https:\/\/cms.nautilusplus.com\/fr\/wp-json\/wp\/v2\/comments?post=3759"}],"version-history":[{"count":0,"href":"https:\/\/cms.nautilusplus.com\/fr\/wp-json\/wp\/v2\/pages\/3759\/revisions"}],"wp:featuredmedia":[{"embeddable":true,"href":"https:\/\/cms.nautilusplus.com\/fr\/wp-json\/wp\/v2\/media\/37683"}],"wp:attachment":[{"href":"https:\/\/cms.nautilusplus.com\/fr\/wp-json\/wp\/v2\/media?parent=3759"}],"curies":[{"name":"wp","href":"https:\/\/api.w.org\/{rel}","templated":true}]}}