{"id":3758,"date":"2013-10-07T19:08:17","date_gmt":"2013-10-07T19:08:17","guid":{"rendered":"http:\/\/nautilus.dev\/?page_id=3758"},"modified":"2023-10-11T10:45:41","modified_gmt":"2023-10-11T14:45:41","slug":"nos-commandites","status":"publish","type":"page","link":"https:\/\/cms.nautilusplus.com\/fr\/nos-commandites\/","title":{"rendered":"Nos commandites"},"content":{"rendered":"<div>\n<p style=\"text-align: center;\"><img decoding=\"async\" loading=\"lazy\" class=\"aligncenter  wp-image-46532\" src=\"https:\/\/www.nautilusplus.com\/content\/uploads\/2023\/10\/logo-ulaval.jpg\" alt=\"Universit\u00e9 Laval\" width=\"346\" height=\"143\" \/><\/p>\n<p>L\u2019Universit\u00e9 Laval, en partenariat avec Nautilus Plus, a cr\u00e9\u00e9 la <strong><em>Chaire de leadership en enseignement (CLE) sur la promotion des saines habitudes de vie \u2013 Nautilus Plus<\/em><\/strong>, sous la responsabilit\u00e9 de\u00a0<a href=\"https:\/\/nouvelles.ulaval.ca\/2023\/09\/19\/saines-habitudes-de-vie-un-pole-pour-former-des-agents-de-changement-a:477cd971-eff4-4cd4-a710-53b8d84517b5\">Kadia Saint-Onge<\/a>, professeure adjointe \u00e0 la Facult\u00e9 de m\u00e9decine.<\/p>\n<p>La cr\u00e9ation de la CLE reconna\u00eet l&rsquo;importance de promouvoir de saines habitudes de vie. La Chaire vise notamment \u00e0 \u00e9laborer des contenus de cours dans le domaine. Elle produira des outils p\u00e9dagogiques novateurs pour dynamiser et optimiser une formation par comp\u00e9tences \u00e0 l&rsquo;Universit\u00e9 Laval, pour tous les cycles.<\/p>\n<p>Le d\u00e9veloppement et la diffusion de nouvelles connaissances sur les d\u00e9terminants de l&rsquo;adoption et du maintien de comportements favorables \u00e0 la sant\u00e9, ainsi que les strat\u00e9gies de promotion font \u00e9galement partie des objectifs de la CLE.\u00a0 La Chaire articule ses activit\u00e9s autour d&rsquo;une vision globale des saines habitudes de vie. Elle consid\u00e8re ses trois piliers, soit l&rsquo;alimentation, l&rsquo;exercice physique et la gestion mentale, mais aussi l&rsquo;exposition \u00e0 la nature, \u00e0 la pleine conscience et l&rsquo;autocompassion, au temps d&rsquo;\u00e9cran ou m\u00eame \u00e0 des relations sociales \u00e9panouissantes.<\/p>\n<p>Dans le cadre de son activit\u00e9 annuelle du <a href=\"https:\/\/www.nautilusplus.com\/fr\/150-minutes-cest-la-cle\/\"><em>D\u00e9fi 150 minutes\u00a0: c\u2019est la CLE<\/em><\/a>, Nautilus Plus s\u2019engage \u00e0 soutenir la mission et les travaux de la Chaire auquel tous nos membres et leur famille sont invit\u00e9s \u00e0 participer et \u00e0 devenir des ambassadeurs de l\u2019int\u00e9gration durable des saines habitudes de vie!<\/p>\n<h2>Politique d&rsquo;octroi de dons et commandites<\/h2>\n<p>Nautilus Plus est une entreprise d\u00e9di\u00e9e \u00e0 l&rsquo;am\u00e9lioration de la condition physique et au d\u00e9veloppement de saines habitudes alimentaires dans la population qu\u00e9b\u00e9coise. Nous avons le d\u00e9sir de participer activement au bien-\u00eatre de la population en offrant une solution accessible qui facilite la bonne nutrition et la pratique r\u00e9guli\u00e8re de l&rsquo;exercice.<\/p>\n<p><strong>Notre d\u00e9termination se traduit dans la recherche de partenaires, eux-m\u00eames engag\u00e9s dans une approche de sant\u00e9 globale. En ce sens et \u00e0 titre d&rsquo;entreprise citoyenne, Nautilus Plus soutient les projets et initiatives qu\u00e9b\u00e9coises par l&rsquo;entremise de dons et de commandites. L&rsquo;enveloppe budg\u00e9taire des dons et commandites est \u00e9tablie annuellement dans le cadre du plan d&rsquo;affaires de l&rsquo;entreprise.<\/strong><\/p>\n<h2>Comment faire une demande de commandites et de partenariat?<\/h2>\n<p>Nautilus Plus est en mesure d&rsquo;apporter son soutien \u00e0 la r\u00e9alisation de projets en offrant la possibilit\u00e9<strong> d&rsquo;utiliser ses services gratuitement<\/strong>, mais <strong>en aucun cas il ne sera possible d&rsquo;offrir une contribution mon\u00e9taire.<\/strong> Toute demande ne respectant pas ces crit\u00e8res se verra automatiquement rejet\u00e9e.<\/p>\n<p>Les demandes devront satisfaire les crit\u00e8res qui suivent :<\/p>\n<ul>\n<li>Les projets doivent encourager l&rsquo;am\u00e9lioration de la condition physique et les saines habitudes de vie de la population qu\u00e9b\u00e9coise<\/li>\n<li>Les projets doivent se d\u00e9rouler au Qu\u00e9bec seulement<\/li>\n<li>Les projets pr\u00e9sent\u00e9s ne doivent pas se r\u00e9aliser dans le cadre d&rsquo;une poursuite d&rsquo;objectifs personnels<\/li>\n<\/ul>\n<p>Faites parvenir votre demande de commandite ou de partenariat \u00e0 l&rsquo;adresse suivante : <a href=\"mailto:commandite@nautilusplus.com\">commandite@nautilusplus.com<\/a><br \/>\nVeuillez prendre note que les \u00e9l\u00e9ments suivants devront \u00eatre mentionn\u00e9s :<\/p>\n<ul>\n<li>Description d\u00e9taill\u00e9e de votre projet ou \u00e9v\u00e8nement<\/li>\n<li>Description sommaire de votre organisation<\/li>\n<li>Le type de public attendu et son nombre<\/li>\n<li>Proposition de partenariat d\u00e9taill\u00e9e incluant la visibilit\u00e9 offerte \u00e0 Nautilus Plus<\/li>\n<\/ul>\n<p>Un d\u00e9lai de 6 \u00e0 8 semaines est n\u00e9cessaire pour le comit\u00e9 afin d&rsquo;analyser votre dossier. D\u00fb au grand nombre de demandes que nous recevons, il est possible que les demandes ne correspondant pas aux crit\u00e8res de s\u00e9lection ne puissent \u00eatre trait\u00e9es.<\/p>\n<\/div>\n","protected":false},"excerpt":{"rendered":"<p>L\u2019Universit\u00e9 Laval, en partenariat avec Nautilus Plus, a cr\u00e9\u00e9 la Chaire de leadership en enseignement (CLE) sur la promotion des saines habitudes de vie \u2013 Nautilus Plus, sous la responsabilit\u00e9 de\u00a0Kadia Saint-Onge, professeure adjointe \u00e0 la Facult\u00e9 de m\u00e9decine. La cr\u00e9ation de la CLE reconna\u00eet l&rsquo;importance de promouvoir de saines habitudes de vie. La Chaire [&hellip;]<\/p>\n","protected":false},"author":17,"featured_media":39059,"parent":0,"menu_order":0,"comment_status":"closed","ping_status":"closed","template":"page-text.php","meta":[],"yoast_head":"<!-- This site is optimized with the Yoast SEO plugin v16.3 - https:\/\/yoast.com\/wordpress\/plugins\/seo\/ -->\r\n<meta name=\"description\" content=\"D\u00e9couvrez tous nos commandites sur NautilusPlus.com\" \/>\r\n<meta name=\"robots\" content=\"index, follow, max-snippet:-1, max-image-preview:large, max-video-preview:-1\" \/>\r\n<link rel=\"canonical\" href=\"https:\/\/www.nautilusplus.com\/fr\/nos-commandites\/\" \/>\r\n<meta property=\"og:locale\" content=\"fr_FR\" \/>\r\n<meta property=\"og:type\" content=\"article\" \/>\r\n<meta property=\"og:title\" content=\"Commandites\" \/>\r\n<meta property=\"og:description\" content=\"D\u00e9couvrez tous nos commandites sur NautilusPlus.com\" \/>\r\n<meta property=\"og:url\" content=\"https:\/\/www.nautilusplus.com\/fr\/nos-commandites\/\" \/>\r\n<meta property=\"og:site_name\" content=\"Nautilus Plus\" \/>\r\n<meta property=\"article:modified_time\" content=\"2023-10-11T14:45:41+00:00\" \/>\r\n<meta property=\"og:image\" content=\"https:\/\/www.nautilusplus.com\/content\/uploads\/2021\/11\/partenaire-nautilus-1.jpg\" \/>\r\n\t<meta property=\"og:image:width\" content=\"2000\" \/>\r\n\t<meta property=\"og:image:height\" content=\"1125\" \/>\r\n<meta name=\"twitter:label1\" content=\"Est. reading time\">\n\t<meta name=\"twitter:data1\" content=\"3 minutes\">\r\n<script type=\"application\/ld+json\" class=\"yoast-schema-graph\">{\"@context\":\"https:\/\/schema.org\",\"@graph\":[{\"@type\":\"WebSite\",\"@id\":\"https:\/\/www.nautilusplus.com\/fr\/#website\",\"url\":\"https:\/\/www.nautilusplus.com\/fr\/\",\"name\":\"Nautilus Plus\",\"description\":\"Plus qu&#039;un gym\",\"potentialAction\":[{\"@type\":\"SearchAction\",\"target\":\"https:\/\/www.nautilusplus.com\/fr\/?s={search_term_string}\",\"query-input\":\"required name=search_term_string\"}],\"inLanguage\":\"fr-FR\"},{\"@type\":\"ImageObject\",\"@id\":\"https:\/\/www.nautilusplus.com\/fr\/nos-commandites\/#primaryimage\",\"inLanguage\":\"fr-FR\",\"url\":\"https:\/\/www.nautilusplus.com\/content\/uploads\/2021\/11\/partenaire-nautilus-1.jpg\",\"contentUrl\":\"https:\/\/www.nautilusplus.com\/content\/uploads\/2021\/11\/partenaire-nautilus-1.jpg\",\"width\":2000,\"height\":1125},{\"@type\":\"WebPage\",\"@id\":\"https:\/\/www.nautilusplus.com\/fr\/nos-commandites\/#webpage\",\"url\":\"https:\/\/www.nautilusplus.com\/fr\/nos-commandites\/\",\"name\":\"Commandites\",\"isPartOf\":{\"@id\":\"https:\/\/www.nautilusplus.com\/fr\/#website\"},\"primaryImageOfPage\":{\"@id\":\"https:\/\/www.nautilusplus.com\/fr\/nos-commandites\/#primaryimage\"},\"datePublished\":\"2013-10-07T19:08:17+00:00\",\"dateModified\":\"2023-10-11T14:45:41+00:00\",\"description\":\"D\\u00e9couvrez tous nos commandites sur NautilusPlus.com\",\"breadcrumb\":{\"@id\":\"https:\/\/www.nautilusplus.com\/fr\/nos-commandites\/#breadcrumb\"},\"inLanguage\":\"fr-FR\",\"potentialAction\":[{\"@type\":\"ReadAction\",\"target\":[\"https:\/\/www.nautilusplus.com\/fr\/nos-commandites\/\"]}]},{\"@type\":\"BreadcrumbList\",\"@id\":\"https:\/\/www.nautilusplus.com\/fr\/nos-commandites\/#breadcrumb\",\"itemListElement\":[{\"@type\":\"ListItem\",\"position\":1,\"item\":{\"@type\":\"WebPage\",\"@id\":\"https:\/\/www.nautilusplus.com\/fr\/\",\"url\":\"https:\/\/www.nautilusplus.com\/fr\/\",\"name\":\"Home\"}},{\"@type\":\"ListItem\",\"position\":2,\"item\":{\"@id\":\"https:\/\/www.nautilusplus.com\/fr\/nos-commandites\/#webpage\"}}]}]}<\/script>\r\n<!-- \/ Yoast SEO plugin. -->","_links":{"self":[{"href":"https:\/\/cms.nautilusplus.com\/fr\/wp-json\/wp\/v2\/pages\/3758"}],"collection":[{"href":"https:\/\/cms.nautilusplus.com\/fr\/wp-json\/wp\/v2\/pages"}],"about":[{"href":"https:\/\/cms.nautilusplus.com\/fr\/wp-json\/wp\/v2\/types\/page"}],"author":[{"embeddable":true,"href":"https:\/\/cms.nautilusplus.com\/fr\/wp-json\/wp\/v2\/users\/17"}],"replies":[{"embeddable":true,"href":"https:\/\/cms.nautilusplus.com\/fr\/wp-json\/wp\/v2\/comments?post=3758"}],"version-history":[{"count":0,"href":"https:\/\/cms.nautilusplus.com\/fr\/wp-json\/wp\/v2\/pages\/3758\/revisions"}],"wp:featuredmedia":[{"embeddable":true,"href":"https:\/\/cms.nautilusplus.com\/fr\/wp-json\/wp\/v2\/media\/39059"}],"wp:attachment":[{"href":"https:\/\/cms.nautilusplus.com\/fr\/wp-json\/wp\/v2\/media?parent=3758"}],"curies":[{"name":"wp","href":"https:\/\/api.w.org\/{rel}","templated":true}]}}