{"id":3755,"date":"2013-09-25T18:00:32","date_gmt":"2013-09-25T18:00:32","guid":{"rendered":"http:\/\/nautilus.dev\/partners-2\/"},"modified":"2025-08-11T08:57:14","modified_gmt":"2025-08-11T12:57:14","slug":"nos-partenaires","status":"publish","type":"page","link":"https:\/\/cms.nautilusplus.com\/fr\/nos-partenaires\/","title":{"rendered":"Nos partenaires"},"content":{"rendered":"<div id=\"offreEntreprise\"><\/div>\n<h2>NEO &#8211; R\u00e9seaux d&rsquo;affichage<\/h2>\n<p><img decoding=\"async\" loading=\"lazy\" class=\" wp-image-28838\" src=\"https:\/\/www.nautilusplus.com\/content\/uploads\/2013\/09\/logo-neo-564x205.png\" alt=\"Logo Neo - Reseau d'affichage\" width=\"264\" height=\"96\" srcset=\"https:\/\/www.nautilusplus.com\/content\/uploads\/2013\/09\/logo-neo-564x205.png 564w, https:\/\/www.nautilusplus.com\/content\/uploads\/2013\/09\/logo-neo.png 621w\" sizes=\"(max-width: 264px) 100vw, 264px\" \/><\/p>\n<div>\n<p>Partenaire de Nautilus Plus, Neo, R\u00e9seaux d&rsquo;Affichage est une entreprise sp\u00e9cialis\u00e9e en affichage publicitaire qui permet aux annonceurs de communiquer avec sa client\u00e8le partout o\u00f9 elle se trouve, \u00e0 l&rsquo;ext\u00e9rieur de la maison et du bureau.<\/p>\n<p>Elle offre des formats d&rsquo;affichage statique et num\u00e9rique dans plusieurs environnements cibl\u00e9s et \u00e0 fort achalandage: les centres commerciaux, les centres de fitness, les stations-services ainsi que dans des points de transit urbains.<\/p>\n<p>Remarquez les structures verticales num\u00e9riques plac\u00e9es strat\u00e9giquement dans les zones de passage de l\u2019ensemble des succursales Nautilus Plus ainsi que les structures horizontales num\u00e9riques plac\u00e9es strat\u00e9giquement dans les aires d\u2019exercices et de cardio!<\/p>\n<\/div>\n<div id=\"offreEntreprise\">\n<h2>Nautilus Plus et Voyages Gendron, partenaires pour des vacances plein la vie!<\/h2>\n<h2><a href=\"http:\/\/www.voyagesgendron.com\/\"><img decoding=\"async\" loading=\"lazy\" class=\"alignnone size-medium wp-image-11823\" src=\"http:\/\/www.nautilusplus.com\/content\/uploads\/2013\/09\/Voyages_Gendron-300x88.jpg\" alt=\"Voyages_Gendron\" width=\"300\" height=\"88\" srcset=\"https:\/\/www.nautilusplus.com\/content\/uploads\/2013\/09\/Voyages_Gendron-300x88.jpg 300w, https:\/\/www.nautilusplus.com\/content\/uploads\/2013\/09\/Voyages_Gendron-1024x300.jpg 1024w, https:\/\/www.nautilusplus.com\/content\/uploads\/2013\/09\/Voyages_Gendron-600x176.jpg 600w\" sizes=\"(max-width: 300px) 100vw, 300px\" \/><\/a><\/h2>\n<div>\n<div>\n<p>L\u2019\u00e9quipe de <a href=\"http:\/\/www.voyagesgendron.com\/\">Voyages Gendron <\/a>est reconnue pour ses voyages de ski et de golf, ses destinations soleil, ses escapades \u00e0 Las Vegas ou dans les parcs nationaux, ses voyages en autocar, tourn\u00e9es \u00e0 v\u00e9lo et pour ses groupes corporatifs. Dans le secteur du voyage depuis 25 ans, <a href=\"http:\/\/www.voyagesgendron.com\/\">Voyages Gendron <\/a>cherche toujours \u00e0 se d\u00e9passer et \u00e0 offrir les meilleurs services et produits.<\/p>\n<p>Aujourd\u2019hui l\u2019un des plus importants tour-op\u00e9rateurs de voyages \u00e0 caract\u00e8re sportif au Qu\u00e9bec, l\u2019entreprise se distingue avec une formule de vacances flexibles qui donne \u00e0 ses clients la libert\u00e9 de choisir les jours de d\u00e9part et de retour ainsi que la dur\u00e9e du voyage, soit de 3 \u00e0 30 jours. Le secret de son succ\u00e8s? Des produits bien cibl\u00e9s, des march\u00e9s inexplor\u00e9s, un \u00e9quilibre financier et des id\u00e9es \u00e0 revendre.<\/p>\n<p><b>La diff\u00e9rence Gendron<\/b><\/p>\n<ul>\n<li>30 ans d&rsquo;expertise<\/li>\n<li>45 destinations ski<\/li>\n<li>50 destinations golf<\/li>\n<li>32 destinations soleil<\/li>\n<li>Sp\u00e9cialiste des voyages 10 jours<\/li>\n<li>D\u00e9partement congr\u00e8s et convention \u00e0 l&rsquo;\u00e9tranger<\/li>\n<li>Nos autocars de luxe 31 et 56 passagers<\/li>\n<\/ul>\n<p>Voyages Gendron remettra une s\u00e9ance gratuite avec un entra\u00eeneur personnel pour chaque membre Nautilus Plus qui fera l\u2019achat d\u2019un voyage d\u2019une destination figurant dans la brochure Golf ou Ski.<\/p>\n<div><a href=\"http:\/\/www.voyagesgendron.com\">www.voyagesgendron.com<\/a><\/div>\n<\/div>\n<\/div>\n<h2><\/h2>\n<\/div>\n<div id=\"offreEntreprise\">\n<h2>Associations<\/h2>\n<div><img decoding=\"async\" loading=\"lazy\" class=\"size-full wp-image-47816 alignnone\" src=\"https:\/\/www.nautilusplus.com\/content\/uploads\/2024\/11\/HFA-logo.png\" alt=\"\" width=\"418\" height=\"79\" \/><\/div>\n<p>Nautilus Plus est membre de la\u00a0<a href=\"http:\/\/www.ihrsa.org\/\" target=\"_blank\" rel=\"noopener\">Health &amp; fitness association (HFA)<\/a> qui regroupe plus de 9 000 \u00e9tablissements d\u2019activit\u00e9s physiques dans 76 pays. Son statut de membre permet \u00e0 Nautilus Plus de profiter d\u2019une vari\u00e9t\u00e9 de programmes et de promotions dont ses abonn\u00e9s b\u00e9n\u00e9ficient \u00e0 leur tour. Nautilus Plus est \u00e0 la fine pointe des tout derniers d\u00e9veloppements en recherche et des plus r\u00e9centes techniques et tendances. Selon l\u2019HFA, Nautilus Plus s\u2019illustre comme l\u2019une des entreprises les plus qualifi\u00e9es de l\u2019industrie.<\/p>\n<\/div>\n<div id=\"offreEntreprise\">\n<div>\n<div>\n<h2>Certifications<\/h2>\n<p><img decoding=\"async\" loading=\"lazy\" class=\"alignnone wp-image-28409 size-full\" src=\"https:\/\/www.nautilusplus.com\/content\/uploads\/2013\/09\/anie_accueil.jpg\" alt=\"logo association des intervenants en entrainement\" width=\"285\" height=\"214\" \/><\/p>\n<p>Nautilus Plus est partenaire de l\u2019Association nationale des intervenants en entra\u00eenement (ANIE). ANIE ajoute \u00e0 l\u2019expertise des animateurs de cours d\u2019exercices de groupe et des entra\u00eeneurs personnels de deux fa\u00e7ons :<\/p>\n<ul>\n<li>Elle reconna\u00eet les comp\u00e9tences et le professionnalisme des intervenants en entra\u00eenement par des programmes de certification fond\u00e9s sur des normes rigoureuses de qualit\u00e9.<\/li>\n<\/ul>\n<ul>\n<li>Elle offre des activit\u00e9s de formation et de perfectionnement \u00e0 la fine pointe de la recherche et du d\u00e9veloppement dans le domaine de l\u2019exercice physique.<\/li>\n<\/ul>\n<p><a href=\"http:\/\/www.anie.ca\/\" target=\"_blank\" rel=\"noopener\">www.anie.ca<\/a><\/p>\n<\/div>\n<p>Nos employ\u00e9s, certifi\u00e9s en r\u00e9animation cardiorespiratoire (RCR) et en d\u00e9fibrillation externe automatis\u00e9e (DEA)* selon les normes de la Fondation des maladies du coeur, sont qualifi\u00e9s pour intervenir en cas d\u2019urgence, en tout temps.<br \/>\n<span style=\"font-size: 11px;\">* Tous nos centres sont \u00e9quip\u00e9s d\u2019un appareil de d\u00e9fibrillation externe automatis\u00e9e.<\/span><\/p>\n<\/div>\n<\/div>\n","protected":false},"excerpt":{"rendered":"<p>NEO &#8211; R\u00e9seaux d&rsquo;affichage Partenaire de Nautilus Plus, Neo, R\u00e9seaux d&rsquo;Affichage est une entreprise sp\u00e9cialis\u00e9e en affichage publicitaire qui permet aux annonceurs de communiquer avec sa client\u00e8le partout o\u00f9 elle se trouve, \u00e0 l&rsquo;ext\u00e9rieur de la maison et du bureau. Elle offre des formats d&rsquo;affichage statique et num\u00e9rique dans plusieurs environnements cibl\u00e9s et \u00e0 fort [&hellip;]<\/p>\n","protected":false},"author":17,"featured_media":39057,"parent":0,"menu_order":0,"comment_status":"closed","ping_status":"closed","template":"page-text.php","meta":[],"yoast_head":"<!-- This site is optimized with the Yoast SEO plugin v16.3 - https:\/\/yoast.com\/wordpress\/plugins\/seo\/ -->\r\n<meta name=\"description\" content=\"D\u00e9couvrez tous nos partenaires sur NautilusPlus.com\" \/>\r\n<meta name=\"robots\" content=\"index, follow, max-snippet:-1, max-image-preview:large, max-video-preview:-1\" \/>\r\n<link rel=\"canonical\" href=\"https:\/\/www.nautilusplus.com\/fr\/nos-partenaires\/\" \/>\r\n<meta property=\"og:locale\" content=\"fr_FR\" \/>\r\n<meta property=\"og:type\" content=\"article\" \/>\r\n<meta property=\"og:title\" content=\"Partenariat\" \/>\r\n<meta property=\"og:description\" content=\"D\u00e9couvrez tous nos partenaires sur NautilusPlus.com\" \/>\r\n<meta property=\"og:url\" content=\"https:\/\/www.nautilusplus.com\/fr\/nos-partenaires\/\" \/>\r\n<meta property=\"og:site_name\" content=\"Nautilus Plus\" \/>\r\n<meta property=\"article:modified_time\" content=\"2025-08-11T12:57:14+00:00\" \/>\r\n<meta property=\"og:image\" content=\"https:\/\/www.nautilusplus.com\/content\/uploads\/2021\/11\/commandite-nautilus.jpg\" \/>\r\n\t<meta property=\"og:image:width\" content=\"2000\" \/>\r\n\t<meta property=\"og:image:height\" content=\"1125\" \/>\r\n<meta name=\"twitter:label1\" content=\"Est. reading time\">\n\t<meta name=\"twitter:data1\" content=\"4 minutes\">\r\n<script type=\"application\/ld+json\" class=\"yoast-schema-graph\">{\"@context\":\"https:\/\/schema.org\",\"@graph\":[{\"@type\":\"WebSite\",\"@id\":\"https:\/\/www.nautilusplus.com\/fr\/#website\",\"url\":\"https:\/\/www.nautilusplus.com\/fr\/\",\"name\":\"Nautilus Plus\",\"description\":\"Plus qu&#039;un gym\",\"potentialAction\":[{\"@type\":\"SearchAction\",\"target\":\"https:\/\/www.nautilusplus.com\/fr\/?s={search_term_string}\",\"query-input\":\"required name=search_term_string\"}],\"inLanguage\":\"fr-FR\"},{\"@type\":\"ImageObject\",\"@id\":\"https:\/\/www.nautilusplus.com\/fr\/nos-partenaires\/#primaryimage\",\"inLanguage\":\"fr-FR\",\"url\":\"https:\/\/www.nautilusplus.com\/content\/uploads\/2021\/11\/commandite-nautilus.jpg\",\"contentUrl\":\"https:\/\/www.nautilusplus.com\/content\/uploads\/2021\/11\/commandite-nautilus.jpg\",\"width\":2000,\"height\":1125},{\"@type\":\"WebPage\",\"@id\":\"https:\/\/www.nautilusplus.com\/fr\/nos-partenaires\/#webpage\",\"url\":\"https:\/\/www.nautilusplus.com\/fr\/nos-partenaires\/\",\"name\":\"Partenariat\",\"isPartOf\":{\"@id\":\"https:\/\/www.nautilusplus.com\/fr\/#website\"},\"primaryImageOfPage\":{\"@id\":\"https:\/\/www.nautilusplus.com\/fr\/nos-partenaires\/#primaryimage\"},\"datePublished\":\"2013-09-25T18:00:32+00:00\",\"dateModified\":\"2025-08-11T12:57:14+00:00\",\"description\":\"D\\u00e9couvrez tous nos partenaires sur NautilusPlus.com\",\"breadcrumb\":{\"@id\":\"https:\/\/www.nautilusplus.com\/fr\/nos-partenaires\/#breadcrumb\"},\"inLanguage\":\"fr-FR\",\"potentialAction\":[{\"@type\":\"ReadAction\",\"target\":[\"https:\/\/www.nautilusplus.com\/fr\/nos-partenaires\/\"]}]},{\"@type\":\"BreadcrumbList\",\"@id\":\"https:\/\/www.nautilusplus.com\/fr\/nos-partenaires\/#breadcrumb\",\"itemListElement\":[{\"@type\":\"ListItem\",\"position\":1,\"item\":{\"@type\":\"WebPage\",\"@id\":\"https:\/\/www.nautilusplus.com\/fr\/\",\"url\":\"https:\/\/www.nautilusplus.com\/fr\/\",\"name\":\"Home\"}},{\"@type\":\"ListItem\",\"position\":2,\"item\":{\"@id\":\"https:\/\/www.nautilusplus.com\/fr\/nos-partenaires\/#webpage\"}}]}]}<\/script>\r\n<!-- \/ Yoast SEO plugin. -->","_links":{"self":[{"href":"https:\/\/cms.nautilusplus.com\/fr\/wp-json\/wp\/v2\/pages\/3755"}],"collection":[{"href":"https:\/\/cms.nautilusplus.com\/fr\/wp-json\/wp\/v2\/pages"}],"about":[{"href":"https:\/\/cms.nautilusplus.com\/fr\/wp-json\/wp\/v2\/types\/page"}],"author":[{"embeddable":true,"href":"https:\/\/cms.nautilusplus.com\/fr\/wp-json\/wp\/v2\/users\/17"}],"replies":[{"embeddable":true,"href":"https:\/\/cms.nautilusplus.com\/fr\/wp-json\/wp\/v2\/comments?post=3755"}],"version-history":[{"count":0,"href":"https:\/\/cms.nautilusplus.com\/fr\/wp-json\/wp\/v2\/pages\/3755\/revisions"}],"wp:featuredmedia":[{"embeddable":true,"href":"https:\/\/cms.nautilusplus.com\/fr\/wp-json\/wp\/v2\/media\/39057"}],"wp:attachment":[{"href":"https:\/\/cms.nautilusplus.com\/fr\/wp-json\/wp\/v2\/media?parent=3755"}],"curies":[{"name":"wp","href":"https:\/\/api.w.org\/{rel}","templated":true}]}}