{"id":3739,"date":"2013-10-07T17:47:30","date_gmt":"2013-10-07T17:47:30","guid":{"rendered":"http:\/\/nautilus.dev\/?page_id=3739"},"modified":"2024-08-01T15:38:48","modified_gmt":"2024-08-01T19:38:48","slug":"postes-disponibles","status":"publish","type":"page","link":"https:\/\/cms.nautilusplus.com\/fr\/carrieres\/postes-disponibles\/","title":{"rendered":"Postes disponibles"},"content":{"rendered":"<p>Nautilus Plus, une entreprise en constante croissance, est toujours \u00e0 la <b>recherche de ressources humaines de qualit\u00e9<\/b>. Chez nous, vous travaillez dans un environnement \u00e9panouissant o\u00f9 vous contribuez \u00e0 d\u00e9velopper le capital sant\u00e9 de la collectivit\u00e9. <b>Int\u00e9grit\u00e9, d\u00e9passement de soi, respect et rigueur<\/b> sont les valeurs que nous privil\u00e9gions. Si vous partagez ces m\u00eames valeurs, sachez que d\u2019excellentes perspectives de cheminement de carri\u00e8re vous attendent au sein de notre \u00e9quipe.<\/p>\n","protected":false},"excerpt":{"rendered":"<p>Nautilus Plus, une entreprise en constante croissance, est toujours \u00e0 la recherche de ressources humaines de qualit\u00e9. Chez nous, vous travaillez dans un environnement \u00e9panouissant o\u00f9 vous contribuez \u00e0 d\u00e9velopper le capital sant\u00e9 de la collectivit\u00e9. Int\u00e9grit\u00e9, d\u00e9passement de soi, respect et rigueur sont les valeurs que nous privil\u00e9gions. Si vous partagez ces m\u00eames valeurs, [&hellip;]<\/p>\n","protected":false},"author":17,"featured_media":19062,"parent":47469,"menu_order":0,"comment_status":"closed","ping_status":"closed","template":"page-careers.php","meta":[],"yoast_head":"<!-- This site is optimized with the Yoast SEO plugin v16.3 - https:\/\/yoast.com\/wordpress\/plugins\/seo\/ -->\r\n<meta name=\"description\" content=\"D\u00e9couvrez toutes nos opportunit\u00e9s de carri\u00e8res sur NautilusPlus.com\" \/>\r\n<meta name=\"robots\" content=\"index, follow, max-snippet:-1, max-image-preview:large, max-video-preview:-1\" \/>\r\n<link rel=\"canonical\" href=\"https:\/\/www.nautilusplus.com\/fr\/carrieres\/postes-disponibles\/\" \/>\r\n<meta property=\"og:locale\" content=\"fr_FR\" \/>\r\n<meta property=\"og:type\" content=\"article\" \/>\r\n<meta property=\"og:title\" content=\"Carri\u00e8res\" \/>\r\n<meta property=\"og:description\" content=\"D\u00e9couvrez toutes nos opportunit\u00e9s de carri\u00e8res sur NautilusPlus.com\" \/>\r\n<meta property=\"og:url\" content=\"https:\/\/www.nautilusplus.com\/fr\/carrieres\/postes-disponibles\/\" \/>\r\n<meta property=\"og:site_name\" content=\"Nautilus Plus\" \/>\r\n<meta property=\"article:modified_time\" content=\"2024-08-01T19:38:48+00:00\" \/>\r\n<meta property=\"og:image\" content=\"https:\/\/www.nautilusplus.com\/content\/uploads\/2013\/09\/careers-bg.jpg\" \/>\r\n\t<meta property=\"og:image:width\" content=\"1920\" \/>\r\n\t<meta property=\"og:image:height\" content=\"873\" \/>\r\n<meta name=\"twitter:label1\" content=\"Est. reading time\">\n\t<meta name=\"twitter:data1\" content=\"1 minute\">\r\n<script type=\"application\/ld+json\" class=\"yoast-schema-graph\">{\"@context\":\"https:\/\/schema.org\",\"@graph\":[{\"@type\":\"WebSite\",\"@id\":\"https:\/\/www.nautilusplus.com\/fr\/#website\",\"url\":\"https:\/\/www.nautilusplus.com\/fr\/\",\"name\":\"Nautilus Plus\",\"description\":\"Plus qu&#039;un gym\",\"potentialAction\":[{\"@type\":\"SearchAction\",\"target\":\"https:\/\/www.nautilusplus.com\/fr\/?s={search_term_string}\",\"query-input\":\"required name=search_term_string\"}],\"inLanguage\":\"fr-FR\"},{\"@type\":\"ImageObject\",\"@id\":\"https:\/\/www.nautilusplus.com\/fr\/carrieres\/postes-disponibles\/#primaryimage\",\"inLanguage\":\"fr-FR\",\"url\":\"https:\/\/www.nautilusplus.com\/content\/uploads\/2013\/09\/careers-bg.jpg\",\"contentUrl\":\"https:\/\/www.nautilusplus.com\/content\/uploads\/2013\/09\/careers-bg.jpg\",\"width\":1920,\"height\":873},{\"@type\":\"WebPage\",\"@id\":\"https:\/\/www.nautilusplus.com\/fr\/carrieres\/postes-disponibles\/#webpage\",\"url\":\"https:\/\/www.nautilusplus.com\/fr\/carrieres\/postes-disponibles\/\",\"name\":\"Carri\\u00e8res\",\"isPartOf\":{\"@id\":\"https:\/\/www.nautilusplus.com\/fr\/#website\"},\"primaryImageOfPage\":{\"@id\":\"https:\/\/www.nautilusplus.com\/fr\/carrieres\/postes-disponibles\/#primaryimage\"},\"datePublished\":\"2013-10-07T17:47:30+00:00\",\"dateModified\":\"2024-08-01T19:38:48+00:00\",\"description\":\"D\\u00e9couvrez toutes nos opportunit\\u00e9s de carri\\u00e8res sur NautilusPlus.com\",\"breadcrumb\":{\"@id\":\"https:\/\/www.nautilusplus.com\/fr\/carrieres\/postes-disponibles\/#breadcrumb\"},\"inLanguage\":\"fr-FR\",\"potentialAction\":[{\"@type\":\"ReadAction\",\"target\":[\"https:\/\/www.nautilusplus.com\/fr\/carrieres\/postes-disponibles\/\"]}]},{\"@type\":\"BreadcrumbList\",\"@id\":\"https:\/\/www.nautilusplus.com\/fr\/carrieres\/postes-disponibles\/#breadcrumb\",\"itemListElement\":[{\"@type\":\"ListItem\",\"position\":1,\"item\":{\"@type\":\"WebPage\",\"@id\":\"https:\/\/www.nautilusplus.com\/fr\/\",\"url\":\"https:\/\/www.nautilusplus.com\/fr\/\",\"name\":\"Home\"}},{\"@type\":\"ListItem\",\"position\":2,\"item\":{\"@type\":\"WebPage\",\"@id\":\"https:\/\/www.nautilusplus.com\/fr\/carrieres\/\",\"url\":\"https:\/\/www.nautilusplus.com\/fr\/carrieres\/\",\"name\":\"Carri\\u00e8re\"}},{\"@type\":\"ListItem\",\"position\":3,\"item\":{\"@id\":\"https:\/\/www.nautilusplus.com\/fr\/carrieres\/postes-disponibles\/#webpage\"}}]}]}<\/script>\r\n<!-- \/ Yoast SEO plugin. -->","_links":{"self":[{"href":"https:\/\/cms.nautilusplus.com\/fr\/wp-json\/wp\/v2\/pages\/3739"}],"collection":[{"href":"https:\/\/cms.nautilusplus.com\/fr\/wp-json\/wp\/v2\/pages"}],"about":[{"href":"https:\/\/cms.nautilusplus.com\/fr\/wp-json\/wp\/v2\/types\/page"}],"author":[{"embeddable":true,"href":"https:\/\/cms.nautilusplus.com\/fr\/wp-json\/wp\/v2\/users\/17"}],"replies":[{"embeddable":true,"href":"https:\/\/cms.nautilusplus.com\/fr\/wp-json\/wp\/v2\/comments?post=3739"}],"version-history":[{"count":0,"href":"https:\/\/cms.nautilusplus.com\/fr\/wp-json\/wp\/v2\/pages\/3739\/revisions"}],"up":[{"embeddable":true,"href":"https:\/\/cms.nautilusplus.com\/fr\/wp-json\/wp\/v2\/pages\/47469"}],"wp:featuredmedia":[{"embeddable":true,"href":"https:\/\/cms.nautilusplus.com\/fr\/wp-json\/wp\/v2\/media\/19062"}],"wp:attachment":[{"href":"https:\/\/cms.nautilusplus.com\/fr\/wp-json\/wp\/v2\/media?parent=3739"}],"curies":[{"name":"wp","href":"https:\/\/api.w.org\/{rel}","templated":true}]}}