{"id":3734,"date":"2013-10-07T17:32:04","date_gmt":"2013-10-07T17:32:04","guid":{"rendered":"http:\/\/nautilus.dev\/?page_id=3734"},"modified":"2021-11-23T14:38:50","modified_gmt":"2021-11-23T19:38:50","slug":"a-propos","status":"publish","type":"page","link":"https:\/\/cms.nautilusplus.com\/fr\/a-propos\/","title":{"rendered":"\u00c0 propos de Nautilus Plus"},"content":{"rendered":"<h2>Notre mission<\/h2>\n<p><img decoding=\"async\" loading=\"lazy\" class=\"aligncenter wp-image-39070\" src=\"https:\/\/www.nautilusplus.com\/content\/uploads\/2021\/11\/pt-et-nut-qc-800x645.jpg\" alt=\"\" width=\"620\" height=\"500\" srcset=\"https:\/\/www.nautilusplus.com\/content\/uploads\/2021\/11\/pt-et-nut-qc-800x645.jpg 800w, https:\/\/www.nautilusplus.com\/content\/uploads\/2021\/11\/pt-et-nut-qc-768x619.jpg 768w, https:\/\/www.nautilusplus.com\/content\/uploads\/2021\/11\/pt-et-nut-qc.jpg 1000w\" sizes=\"(max-width: 620px) 100vw, 620px\" \/><\/p>\n<p><span style=\"font-size: 14pt;\">Nautilus Plus se donne la mission de participer activement au bien-\u00eatre de la population en mettant tout en \u0153uvre pour am\u00e9liorer votre sant\u00e9 et votre qualit\u00e9 de vie. La promesse de Nautilus Plus c&rsquo;est d&rsquo;offrir plus.<\/span><\/p>\n<p><strong>Les meilleurs sp\u00e9cialistes<\/strong><br \/>\nDes sp\u00e9cialistes de la nutrition et de l&rsquo;activit\u00e9 physique de formation universitaire, d\u00e9vou\u00e9s et passionn\u00e9s.<\/p>\n<p><strong>Les meilleurs programmes<\/strong><br \/>\nUne vari\u00e9t\u00e9 in\u00e9gal\u00e9e de programmes de nutrition et de conditionnement physique des plus performants.<\/p>\n<p><strong>Les meilleurs \u00e9quipements<\/strong><br \/>\nDes \u00e9quipements d&rsquo;avant-garde en grande quantit\u00e9. Des centres lumineux, stimulants et a\u00e9r\u00e9s, qui assurent confort et s\u00e9curit\u00e9.<\/p>\n<p>Chez Nautilus Plus, on entra\u00eene des r\u00e9sultats!<\/p>\n<h2>Notre engagement<\/h2>\n<p><img decoding=\"async\" loading=\"lazy\" class=\"aligncenter wp-image-39074\" src=\"https:\/\/www.nautilusplus.com\/content\/uploads\/2021\/11\/karine-larose.jpg\" alt=\"\" width=\"620\" height=\"425\" srcset=\"https:\/\/www.nautilusplus.com\/content\/uploads\/2021\/11\/karine-larose.jpg 1000w, https:\/\/www.nautilusplus.com\/content\/uploads\/2021\/11\/karine-larose-800x548.jpg 800w, https:\/\/www.nautilusplus.com\/content\/uploads\/2021\/11\/karine-larose-768x526.jpg 768w\" sizes=\"(max-width: 620px) 100vw, 620px\" \/><\/p>\n<p><span style=\"font-size: 14pt;\">Nautilus Plus est d\u00e9di\u00e9e \u00e0 l&rsquo;am\u00e9lioration de la condition physique et au d\u00e9veloppement de saines habitudes alimentaires chez la population qu\u00e9b\u00e9coise.<\/span><\/p>\n<p>Nous ne nous satisfaisons pas d&rsquo;offrir des produits et services de qualit\u00e9. Nous voulons participer activement au bien-\u00eatre de la population en offrant une solution accessible qui facilite la bonne nutrition et la pratique r\u00e9guli\u00e8re de l&rsquo;exercice.<\/p>\n<p>Nous offrons \u00e0 nos membres des conditions optimales pour mieux s\u2019entra\u00eener et bien s\u2019alimenter, et ce, dans le but d\u2019am\u00e9liorer leur \u00e9tat de sant\u00e9 et leur qualit\u00e9 de vie.<\/p>\n<p>Notre d\u00e9termination se traduit dans la recherche de partenaires, eux-m\u00eames engag\u00e9s dans une approche de sant\u00e9 globale.<\/p>\n<p>Nous sommes \u00e0 l\u2019\u00e9coute de nos membres, nous comprenons leurs besoins et nous les accompagnons\u00a0 dans l\u2019atteinte de leurs objectifs.<\/p>\n<p>Parce que leur mieux-\u00eatre nous tient \u00e0 c\u0153ur.<\/p>\n<p>Vous avez encore des questions \u00e0 notre propos? N&rsquo;h\u00e9sitez pas \u00e0\u00a0<a href=\"https:\/\/www.nautilusplus.com\/fr\/contactez-nous\/\">nous contacter<\/a>!<\/p>\n","protected":false},"excerpt":{"rendered":"<p>Notre mission Nautilus Plus se donne la mission de participer activement au bien-\u00eatre de la population en mettant tout en \u0153uvre pour am\u00e9liorer votre sant\u00e9 et votre qualit\u00e9 de vie. La promesse de Nautilus Plus c&rsquo;est d&rsquo;offrir plus. Les meilleurs sp\u00e9cialistes Des sp\u00e9cialistes de la nutrition et de l&rsquo;activit\u00e9 physique de formation universitaire, d\u00e9vou\u00e9s et [&hellip;]<\/p>\n","protected":false},"author":17,"featured_media":39051,"parent":0,"menu_order":0,"comment_status":"closed","ping_status":"closed","template":"page-text.php","meta":[],"yoast_head":"<!-- This site is optimized with the Yoast SEO plugin v16.3 - https:\/\/yoast.com\/wordpress\/plugins\/seo\/ -->\r\n<meta name=\"description\" content=\"On vous invite \u00e0 en savoir plus \u00e0 propos de nous! Les meilleurs sp\u00e9cialistes, meilleurs programmes et meilleurs \u00e9quipements, c&#039;est chez Nautilus Plus.\" \/>\r\n<meta name=\"robots\" content=\"index, follow, max-snippet:-1, max-image-preview:large, max-video-preview:-1\" \/>\r\n<link rel=\"canonical\" href=\"https:\/\/www.nautilusplus.com\/fr\/a-propos\/\" \/>\r\n<meta property=\"og:locale\" content=\"fr_FR\" \/>\r\n<meta property=\"og:type\" content=\"article\" \/>\r\n<meta property=\"og:title\" content=\"\u00c0 propos\" \/>\r\n<meta property=\"og:description\" content=\"On vous invite \u00e0 en savoir plus \u00e0 propos de nous! Les meilleurs sp\u00e9cialistes, meilleurs programmes et meilleurs \u00e9quipements, c&#039;est chez Nautilus Plus.\" \/>\r\n<meta property=\"og:url\" content=\"https:\/\/www.nautilusplus.com\/fr\/a-propos\/\" \/>\r\n<meta property=\"og:site_name\" content=\"Nautilus Plus\" \/>\r\n<meta property=\"article:modified_time\" content=\"2021-11-23T19:38:50+00:00\" \/>\r\n<meta property=\"og:image\" content=\"https:\/\/www.nautilusplus.com\/content\/uploads\/2021\/11\/a-propos-nautilus-1.jpg\" \/>\r\n\t<meta property=\"og:image:width\" content=\"2000\" \/>\r\n\t<meta property=\"og:image:height\" content=\"1125\" \/>\r\n<meta name=\"twitter:label1\" content=\"Est. reading time\">\n\t<meta name=\"twitter:data1\" content=\"2 minutes\">\r\n<script type=\"application\/ld+json\" class=\"yoast-schema-graph\">{\"@context\":\"https:\/\/schema.org\",\"@graph\":[{\"@type\":\"WebSite\",\"@id\":\"https:\/\/www.nautilusplus.com\/fr\/#website\",\"url\":\"https:\/\/www.nautilusplus.com\/fr\/\",\"name\":\"Nautilus Plus\",\"description\":\"Plus qu&#039;un gym\",\"potentialAction\":[{\"@type\":\"SearchAction\",\"target\":\"https:\/\/www.nautilusplus.com\/fr\/?s={search_term_string}\",\"query-input\":\"required name=search_term_string\"}],\"inLanguage\":\"fr-FR\"},{\"@type\":\"ImageObject\",\"@id\":\"https:\/\/www.nautilusplus.com\/fr\/a-propos\/#primaryimage\",\"inLanguage\":\"fr-FR\",\"url\":\"https:\/\/www.nautilusplus.com\/content\/uploads\/2021\/11\/a-propos-nautilus-1.jpg\",\"contentUrl\":\"https:\/\/www.nautilusplus.com\/content\/uploads\/2021\/11\/a-propos-nautilus-1.jpg\",\"width\":2000,\"height\":1125},{\"@type\":\"WebPage\",\"@id\":\"https:\/\/www.nautilusplus.com\/fr\/a-propos\/#webpage\",\"url\":\"https:\/\/www.nautilusplus.com\/fr\/a-propos\/\",\"name\":\"\\u00c0 propos\",\"isPartOf\":{\"@id\":\"https:\/\/www.nautilusplus.com\/fr\/#website\"},\"primaryImageOfPage\":{\"@id\":\"https:\/\/www.nautilusplus.com\/fr\/a-propos\/#primaryimage\"},\"datePublished\":\"2013-10-07T17:32:04+00:00\",\"dateModified\":\"2021-11-23T19:38:50+00:00\",\"description\":\"On vous invite \\u00e0 en savoir plus \\u00e0 propos de nous! Les meilleurs sp\\u00e9cialistes, meilleurs programmes et meilleurs \\u00e9quipements, c'est chez Nautilus Plus.\",\"breadcrumb\":{\"@id\":\"https:\/\/www.nautilusplus.com\/fr\/a-propos\/#breadcrumb\"},\"inLanguage\":\"fr-FR\",\"potentialAction\":[{\"@type\":\"ReadAction\",\"target\":[\"https:\/\/www.nautilusplus.com\/fr\/a-propos\/\"]}]},{\"@type\":\"BreadcrumbList\",\"@id\":\"https:\/\/www.nautilusplus.com\/fr\/a-propos\/#breadcrumb\",\"itemListElement\":[{\"@type\":\"ListItem\",\"position\":1,\"item\":{\"@type\":\"WebPage\",\"@id\":\"https:\/\/www.nautilusplus.com\/fr\/\",\"url\":\"https:\/\/www.nautilusplus.com\/fr\/\",\"name\":\"Home\"}},{\"@type\":\"ListItem\",\"position\":2,\"item\":{\"@id\":\"https:\/\/www.nautilusplus.com\/fr\/a-propos\/#webpage\"}}]}]}<\/script>\r\n<!-- \/ Yoast SEO plugin. -->","_links":{"self":[{"href":"https:\/\/cms.nautilusplus.com\/fr\/wp-json\/wp\/v2\/pages\/3734"}],"collection":[{"href":"https:\/\/cms.nautilusplus.com\/fr\/wp-json\/wp\/v2\/pages"}],"about":[{"href":"https:\/\/cms.nautilusplus.com\/fr\/wp-json\/wp\/v2\/types\/page"}],"author":[{"embeddable":true,"href":"https:\/\/cms.nautilusplus.com\/fr\/wp-json\/wp\/v2\/users\/17"}],"replies":[{"embeddable":true,"href":"https:\/\/cms.nautilusplus.com\/fr\/wp-json\/wp\/v2\/comments?post=3734"}],"version-history":[{"count":0,"href":"https:\/\/cms.nautilusplus.com\/fr\/wp-json\/wp\/v2\/pages\/3734\/revisions"}],"wp:featuredmedia":[{"embeddable":true,"href":"https:\/\/cms.nautilusplus.com\/fr\/wp-json\/wp\/v2\/media\/39051"}],"wp:attachment":[{"href":"https:\/\/cms.nautilusplus.com\/fr\/wp-json\/wp\/v2\/media?parent=3734"}],"curies":[{"name":"wp","href":"https:\/\/api.w.org\/{rel}","templated":true}]}}