{"id":28747,"date":"2020-06-03T15:17:39","date_gmt":"2020-06-03T19:17:39","guid":{"rendered":"https:\/\/www.nautilusplus.com\/fr\/?page_id=28747"},"modified":"2020-06-03T15:17:39","modified_gmt":"2020-06-03T19:17:39","slug":"services-dencadrement-en-ligne","status":"publish","type":"page","link":"https:\/\/cms.nautilusplus.com\/fr\/services-dencadrement-en-ligne\/","title":{"rendered":"Services d&rsquo;encadrement en ligne"},"content":{"rendered":"","protected":false},"excerpt":{"rendered":"","protected":false},"author":17,"featured_media":0,"parent":0,"menu_order":0,"comment_status":"closed","ping_status":"closed","template":"page-lift-sessions.php","meta":[],"yoast_head":"<!-- This site is optimized with the Yoast SEO plugin v16.3 - https:\/\/yoast.com\/wordpress\/plugins\/seo\/ -->\r\n<meta name=\"description\" content=\"Consultation vid\u00e9o en temps r\u00e9el avec votre entraineur personnel ou votre nutritionniste \u00e0 l\u2019endroit et \u00e0 l\u2019heure qui vous conviennent.\" \/>\r\n<meta name=\"robots\" content=\"index, follow, max-snippet:-1, max-image-preview:large, max-video-preview:-1\" \/>\r\n<link rel=\"canonical\" href=\"https:\/\/www.nautilusplus.com\/fr\/services-dencadrement-en-ligne\/\" \/>\r\n<meta property=\"og:locale\" content=\"fr_FR\" \/>\r\n<meta property=\"og:type\" content=\"article\" \/>\r\n<meta property=\"og:title\" content=\"Services d&#039;encadrement en ligne - Nautilus Plus\" \/>\r\n<meta property=\"og:description\" content=\"Consultation vid\u00e9o en temps r\u00e9el avec votre entraineur personnel ou votre nutritionniste \u00e0 l\u2019endroit et \u00e0 l\u2019heure qui vous conviennent.\" \/>\r\n<meta property=\"og:url\" content=\"https:\/\/www.nautilusplus.com\/fr\/services-dencadrement-en-ligne\/\" \/>\r\n<meta property=\"og:site_name\" content=\"Nautilus Plus\" \/>\r\n<script type=\"application\/ld+json\" class=\"yoast-schema-graph\">{\"@context\":\"https:\/\/schema.org\",\"@graph\":[{\"@type\":\"WebSite\",\"@id\":\"https:\/\/www.nautilusplus.com\/fr\/#website\",\"url\":\"https:\/\/www.nautilusplus.com\/fr\/\",\"name\":\"Nautilus Plus\",\"description\":\"Plus qu&#039;un gym\",\"potentialAction\":[{\"@type\":\"SearchAction\",\"target\":\"https:\/\/www.nautilusplus.com\/fr\/?s={search_term_string}\",\"query-input\":\"required name=search_term_string\"}],\"inLanguage\":\"fr-FR\"},{\"@type\":\"WebPage\",\"@id\":\"https:\/\/www.nautilusplus.com\/fr\/services-dencadrement-en-ligne\/#webpage\",\"url\":\"https:\/\/www.nautilusplus.com\/fr\/services-dencadrement-en-ligne\/\",\"name\":\"Services d'encadrement en ligne - Nautilus Plus\",\"isPartOf\":{\"@id\":\"https:\/\/www.nautilusplus.com\/fr\/#website\"},\"datePublished\":\"2020-06-03T19:17:39+00:00\",\"dateModified\":\"2020-06-03T19:17:39+00:00\",\"description\":\"Consultation vid\\u00e9o en temps r\\u00e9el avec votre entraineur personnel ou votre nutritionniste \\u00e0 l\\u2019endroit et \\u00e0 l\\u2019heure qui vous conviennent.\",\"breadcrumb\":{\"@id\":\"https:\/\/www.nautilusplus.com\/fr\/services-dencadrement-en-ligne\/#breadcrumb\"},\"inLanguage\":\"fr-FR\",\"potentialAction\":[{\"@type\":\"ReadAction\",\"target\":[\"https:\/\/www.nautilusplus.com\/fr\/services-dencadrement-en-ligne\/\"]}]},{\"@type\":\"BreadcrumbList\",\"@id\":\"https:\/\/www.nautilusplus.com\/fr\/services-dencadrement-en-ligne\/#breadcrumb\",\"itemListElement\":[{\"@type\":\"ListItem\",\"position\":1,\"item\":{\"@type\":\"WebPage\",\"@id\":\"https:\/\/www.nautilusplus.com\/fr\/\",\"url\":\"https:\/\/www.nautilusplus.com\/fr\/\",\"name\":\"Home\"}},{\"@type\":\"ListItem\",\"position\":2,\"item\":{\"@id\":\"https:\/\/www.nautilusplus.com\/fr\/services-dencadrement-en-ligne\/#webpage\"}}]}]}<\/script>\r\n<!-- \/ Yoast SEO plugin. -->","_links":{"self":[{"href":"https:\/\/cms.nautilusplus.com\/fr\/wp-json\/wp\/v2\/pages\/28747"}],"collection":[{"href":"https:\/\/cms.nautilusplus.com\/fr\/wp-json\/wp\/v2\/pages"}],"about":[{"href":"https:\/\/cms.nautilusplus.com\/fr\/wp-json\/wp\/v2\/types\/page"}],"author":[{"embeddable":true,"href":"https:\/\/cms.nautilusplus.com\/fr\/wp-json\/wp\/v2\/users\/17"}],"replies":[{"embeddable":true,"href":"https:\/\/cms.nautilusplus.com\/fr\/wp-json\/wp\/v2\/comments?post=28747"}],"version-history":[{"count":0,"href":"https:\/\/cms.nautilusplus.com\/fr\/wp-json\/wp\/v2\/pages\/28747\/revisions"}],"wp:attachment":[{"href":"https:\/\/cms.nautilusplus.com\/fr\/wp-json\/wp\/v2\/media?parent=28747"}],"curies":[{"name":"wp","href":"https:\/\/api.w.org\/{rel}","templated":true}]}}