{"id":27761,"date":"2019-05-10T15:11:19","date_gmt":"2019-05-10T19:11:19","guid":{"rendered":"https:\/\/www.nautilusplus.com\/fr\/?page_id=27761"},"modified":"2025-07-30T11:51:00","modified_gmt":"2025-07-30T15:51:00","slug":"campagne-reference","status":"publish","type":"page","link":"https:\/\/cms.nautilusplus.com\/fr\/campagne-reference\/","title":{"rendered":"Campagne r\u00e9f\u00e9rence"},"content":{"rendered":"\n<p style=\"margin: 0 0 15px 0;\">Invitez vos amis et vos proches \u00e0 d\u00e9couvrir gratuitement nos centres gr\u00e2ce \u00e0 la campagne r\u00e9f\u00e9rence! Pour chaque ami qui s\u2019abonne,&nbsp;<strong>obtenez un paiement d&rsquo;abonnement aux deux semaines gratuit<\/strong>*!<\/p>\n\n\n\n<p style=\"margin: 0 0 15px 0;\">Les PLUS \u00e0 inviter un ami \u00e0 s&rsquo;entrainer:<\/p>\n\n\n\n<ul>\n<li>PLUS de motivation<\/li>\n\n\n\n<li>PLUS d&rsquo;argent dans ses poches<\/li>\n\n\n\n<li>PLUS de plaisir \u00e0 l&rsquo;entrainement<\/li>\n<\/ul>\n\n\n\n<p style=\"margin: 0 0 15px 0;\">Et PLUS vous aurez d&rsquo;amis, PLUS vous ferez des \u00e9conomies!<\/p>\n","protected":false},"excerpt":{"rendered":"<p>Invitez vos amis et vos proches \u00e0 d\u00e9couvrir gratuitement nos centres gr\u00e2ce \u00e0 la campagne r\u00e9f\u00e9rence! Pour chaque ami qui s\u2019abonne,&nbsp;obtenez un paiement d&rsquo;abonnement aux deux semaines gratuit*! Les PLUS \u00e0 inviter un ami \u00e0 s&rsquo;entrainer: Et PLUS vous aurez d&rsquo;amis, PLUS vous ferez des \u00e9conomies!<\/p>\n","protected":false},"author":17,"featured_media":47752,"parent":0,"menu_order":0,"comment_status":"closed","ping_status":"closed","template":"page-cam-reference.php","meta":[],"yoast_head":"<!-- This site is optimized with the Yoast SEO plugin v16.3 - https:\/\/yoast.com\/wordpress\/plugins\/seo\/ -->\r\n<meta name=\"robots\" content=\"index, follow, max-snippet:-1, max-image-preview:large, max-video-preview:-1\" \/>\r\n<link rel=\"canonical\" href=\"https:\/\/www.nautilusplus.com\/fr\/campagne-reference\/\" \/>\r\n<meta property=\"og:locale\" content=\"fr_FR\" \/>\r\n<meta property=\"og:type\" content=\"article\" \/>\r\n<meta property=\"og:title\" content=\"Campagne r\u00e9f\u00e9rence - Nautilus Plus\" \/>\r\n<meta property=\"og:description\" content=\"Invitez vos amis et vos proches \u00e0 d\u00e9couvrir gratuitement nos centres gr\u00e2ce \u00e0 la campagne r\u00e9f\u00e9rence! Pour chaque ami qui s\u2019abonne,&nbsp;obtenez un paiement d&rsquo;abonnement aux deux semaines gratuit*! Les PLUS \u00e0 inviter un ami \u00e0 s&rsquo;entrainer: Et PLUS vous aurez d&rsquo;amis, PLUS vous ferez des \u00e9conomies!\" \/>\r\n<meta property=\"og:url\" content=\"https:\/\/www.nautilusplus.com\/fr\/campagne-reference\/\" \/>\r\n<meta property=\"og:site_name\" content=\"Nautilus Plus\" \/>\r\n<meta property=\"article:modified_time\" content=\"2025-07-30T15:51:00+00:00\" \/>\r\n<meta property=\"og:image\" content=\"https:\/\/www.nautilusplus.com\/content\/uploads\/2024\/02\/PROMO-FR-REF.jpg\" \/>\r\n\t<meta property=\"og:image:width\" content=\"1200\" \/>\r\n\t<meta property=\"og:image:height\" content=\"675\" \/>\r\n<meta name=\"twitter:label1\" content=\"Est. reading time\">\n\t<meta name=\"twitter:data1\" content=\"1 minute\">\r\n<script type=\"application\/ld+json\" class=\"yoast-schema-graph\">{\"@context\":\"https:\/\/schema.org\",\"@graph\":[{\"@type\":\"WebSite\",\"@id\":\"https:\/\/www.nautilusplus.com\/fr\/#website\",\"url\":\"https:\/\/www.nautilusplus.com\/fr\/\",\"name\":\"Nautilus Plus\",\"description\":\"Plus qu&#039;un gym\",\"potentialAction\":[{\"@type\":\"SearchAction\",\"target\":\"https:\/\/www.nautilusplus.com\/fr\/?s={search_term_string}\",\"query-input\":\"required name=search_term_string\"}],\"inLanguage\":\"fr-FR\"},{\"@type\":\"ImageObject\",\"@id\":\"https:\/\/www.nautilusplus.com\/fr\/campagne-reference\/#primaryimage\",\"inLanguage\":\"fr-FR\",\"url\":\"https:\/\/www.nautilusplus.com\/content\/uploads\/2024\/02\/PROMO-FR-REF.jpg\",\"contentUrl\":\"https:\/\/www.nautilusplus.com\/content\/uploads\/2024\/02\/PROMO-FR-REF.jpg\",\"width\":1200,\"height\":675},{\"@type\":\"WebPage\",\"@id\":\"https:\/\/www.nautilusplus.com\/fr\/campagne-reference\/#webpage\",\"url\":\"https:\/\/www.nautilusplus.com\/fr\/campagne-reference\/\",\"name\":\"Campagne r\\u00e9f\\u00e9rence - Nautilus Plus\",\"isPartOf\":{\"@id\":\"https:\/\/www.nautilusplus.com\/fr\/#website\"},\"primaryImageOfPage\":{\"@id\":\"https:\/\/www.nautilusplus.com\/fr\/campagne-reference\/#primaryimage\"},\"datePublished\":\"2019-05-10T19:11:19+00:00\",\"dateModified\":\"2025-07-30T15:51:00+00:00\",\"breadcrumb\":{\"@id\":\"https:\/\/www.nautilusplus.com\/fr\/campagne-reference\/#breadcrumb\"},\"inLanguage\":\"fr-FR\",\"potentialAction\":[{\"@type\":\"ReadAction\",\"target\":[\"https:\/\/www.nautilusplus.com\/fr\/campagne-reference\/\"]}]},{\"@type\":\"BreadcrumbList\",\"@id\":\"https:\/\/www.nautilusplus.com\/fr\/campagne-reference\/#breadcrumb\",\"itemListElement\":[{\"@type\":\"ListItem\",\"position\":1,\"item\":{\"@type\":\"WebPage\",\"@id\":\"https:\/\/www.nautilusplus.com\/fr\/\",\"url\":\"https:\/\/www.nautilusplus.com\/fr\/\",\"name\":\"Home\"}},{\"@type\":\"ListItem\",\"position\":2,\"item\":{\"@id\":\"https:\/\/www.nautilusplus.com\/fr\/campagne-reference\/#webpage\"}}]}]}<\/script>\r\n<!-- \/ Yoast SEO plugin. -->","_links":{"self":[{"href":"https:\/\/cms.nautilusplus.com\/fr\/wp-json\/wp\/v2\/pages\/27761"}],"collection":[{"href":"https:\/\/cms.nautilusplus.com\/fr\/wp-json\/wp\/v2\/pages"}],"about":[{"href":"https:\/\/cms.nautilusplus.com\/fr\/wp-json\/wp\/v2\/types\/page"}],"author":[{"embeddable":true,"href":"https:\/\/cms.nautilusplus.com\/fr\/wp-json\/wp\/v2\/users\/17"}],"replies":[{"embeddable":true,"href":"https:\/\/cms.nautilusplus.com\/fr\/wp-json\/wp\/v2\/comments?post=27761"}],"version-history":[{"count":0,"href":"https:\/\/cms.nautilusplus.com\/fr\/wp-json\/wp\/v2\/pages\/27761\/revisions"}],"wp:featuredmedia":[{"embeddable":true,"href":"https:\/\/cms.nautilusplus.com\/fr\/wp-json\/wp\/v2\/media\/47752"}],"wp:attachment":[{"href":"https:\/\/cms.nautilusplus.com\/fr\/wp-json\/wp\/v2\/media?parent=27761"}],"curies":[{"name":"wp","href":"https:\/\/api.w.org\/{rel}","templated":true}]}}