{"id":25807,"date":"2018-01-11T09:11:55","date_gmt":"2018-01-11T14:11:55","guid":{"rendered":"https:\/\/www.nautilusplus.com\/fr\/?page_id=25807"},"modified":"2020-06-30T12:28:33","modified_gmt":"2020-06-30T16:28:33","slug":"application-mobile","status":"publish","type":"page","link":"https:\/\/cms.nautilusplus.com\/fr\/application-mobile\/","title":{"rendered":"Application mobile"},"content":{"rendered":"<p>application mobile Nautilus Plus<\/p>\n","protected":false},"excerpt":{"rendered":"<p>application mobile Nautilus Plus<\/p>\n","protected":false},"author":17,"featured_media":25806,"parent":0,"menu_order":0,"comment_status":"closed","ping_status":"closed","template":"page-application-mobile.php","meta":[],"yoast_head":"<!-- This site is optimized with the Yoast SEO plugin v16.3 - https:\/\/yoast.com\/wordpress\/plugins\/seo\/ -->\r\n<meta name=\"description\" content=\"Vivez l&#039;exp\u00e9rience Nautilus Plus sur votre t\u00e9l\u00e9phone intelligent, o\u00f9 que vous soyez gr\u00e2ce l&#039;application mobile.\" \/>\r\n<meta name=\"robots\" content=\"index, follow, max-snippet:-1, max-image-preview:large, max-video-preview:-1\" \/>\r\n<link rel=\"canonical\" href=\"https:\/\/www.nautilusplus.com\/fr\/application-mobile\/\" \/>\r\n<meta property=\"og:locale\" content=\"fr_FR\" \/>\r\n<meta property=\"og:type\" content=\"article\" \/>\r\n<meta property=\"og:title\" content=\"Application mobile - Nautilus Plus\" \/>\r\n<meta property=\"og:description\" content=\"Vivez l&#039;exp\u00e9rience Nautilus Plus sur votre t\u00e9l\u00e9phone intelligent, o\u00f9 que vous soyez gr\u00e2ce l&#039;application mobile.\" \/>\r\n<meta property=\"og:url\" content=\"https:\/\/www.nautilusplus.com\/fr\/application-mobile\/\" \/>\r\n<meta property=\"og:site_name\" content=\"Nautilus Plus\" \/>\r\n<meta property=\"article:modified_time\" content=\"2020-06-30T16:28:33+00:00\" \/>\r\n<meta property=\"og:image\" content=\"https:\/\/www.nautilusplus.com\/content\/uploads\/2018\/01\/entete-app-mobile.jpg\" \/>\r\n\t<meta property=\"og:image:width\" content=\"1920\" \/>\r\n\t<meta property=\"og:image:height\" content=\"1080\" \/>\r\n<script type=\"application\/ld+json\" class=\"yoast-schema-graph\">{\"@context\":\"https:\/\/schema.org\",\"@graph\":[{\"@type\":\"WebSite\",\"@id\":\"https:\/\/www.nautilusplus.com\/fr\/#website\",\"url\":\"https:\/\/www.nautilusplus.com\/fr\/\",\"name\":\"Nautilus Plus\",\"description\":\"Plus qu&#039;un gym\",\"potentialAction\":[{\"@type\":\"SearchAction\",\"target\":\"https:\/\/www.nautilusplus.com\/fr\/?s={search_term_string}\",\"query-input\":\"required name=search_term_string\"}],\"inLanguage\":\"fr-FR\"},{\"@type\":\"ImageObject\",\"@id\":\"https:\/\/www.nautilusplus.com\/fr\/application-mobile\/#primaryimage\",\"inLanguage\":\"fr-FR\",\"url\":\"https:\/\/www.nautilusplus.com\/content\/uploads\/2018\/01\/entete-app-mobile.jpg\",\"contentUrl\":\"https:\/\/www.nautilusplus.com\/content\/uploads\/2018\/01\/entete-app-mobile.jpg\",\"width\":1920,\"height\":1080},{\"@type\":\"WebPage\",\"@id\":\"https:\/\/www.nautilusplus.com\/fr\/application-mobile\/#webpage\",\"url\":\"https:\/\/www.nautilusplus.com\/fr\/application-mobile\/\",\"name\":\"Application mobile - Nautilus Plus\",\"isPartOf\":{\"@id\":\"https:\/\/www.nautilusplus.com\/fr\/#website\"},\"primaryImageOfPage\":{\"@id\":\"https:\/\/www.nautilusplus.com\/fr\/application-mobile\/#primaryimage\"},\"datePublished\":\"2018-01-11T14:11:55+00:00\",\"dateModified\":\"2020-06-30T16:28:33+00:00\",\"description\":\"Vivez l'exp\\u00e9rience Nautilus Plus sur votre t\\u00e9l\\u00e9phone intelligent, o\\u00f9 que vous soyez gr\\u00e2ce l'application mobile.\",\"breadcrumb\":{\"@id\":\"https:\/\/www.nautilusplus.com\/fr\/application-mobile\/#breadcrumb\"},\"inLanguage\":\"fr-FR\",\"potentialAction\":[{\"@type\":\"ReadAction\",\"target\":[\"https:\/\/www.nautilusplus.com\/fr\/application-mobile\/\"]}]},{\"@type\":\"BreadcrumbList\",\"@id\":\"https:\/\/www.nautilusplus.com\/fr\/application-mobile\/#breadcrumb\",\"itemListElement\":[{\"@type\":\"ListItem\",\"position\":1,\"item\":{\"@type\":\"WebPage\",\"@id\":\"https:\/\/www.nautilusplus.com\/fr\/\",\"url\":\"https:\/\/www.nautilusplus.com\/fr\/\",\"name\":\"Home\"}},{\"@type\":\"ListItem\",\"position\":2,\"item\":{\"@id\":\"https:\/\/www.nautilusplus.com\/fr\/application-mobile\/#webpage\"}}]}]}<\/script>\r\n<!-- \/ Yoast SEO plugin. -->","_links":{"self":[{"href":"https:\/\/cms.nautilusplus.com\/fr\/wp-json\/wp\/v2\/pages\/25807"}],"collection":[{"href":"https:\/\/cms.nautilusplus.com\/fr\/wp-json\/wp\/v2\/pages"}],"about":[{"href":"https:\/\/cms.nautilusplus.com\/fr\/wp-json\/wp\/v2\/types\/page"}],"author":[{"embeddable":true,"href":"https:\/\/cms.nautilusplus.com\/fr\/wp-json\/wp\/v2\/users\/17"}],"replies":[{"embeddable":true,"href":"https:\/\/cms.nautilusplus.com\/fr\/wp-json\/wp\/v2\/comments?post=25807"}],"version-history":[{"count":0,"href":"https:\/\/cms.nautilusplus.com\/fr\/wp-json\/wp\/v2\/pages\/25807\/revisions"}],"wp:featuredmedia":[{"embeddable":true,"href":"https:\/\/cms.nautilusplus.com\/fr\/wp-json\/wp\/v2\/media\/25806"}],"wp:attachment":[{"href":"https:\/\/cms.nautilusplus.com\/fr\/wp-json\/wp\/v2\/media?parent=25807"}],"curies":[{"name":"wp","href":"https:\/\/api.w.org\/{rel}","templated":true}]}}