{"id":21181,"date":"2015-08-27T15:27:12","date_gmt":"2015-08-27T19:27:12","guid":{"rendered":"http:\/\/www.nautilusplus.com\/?page_id=21181"},"modified":"2025-07-21T13:48:07","modified_gmt":"2025-07-21T17:48:07","slug":"reglements-procedures","status":"publish","type":"page","link":"https:\/\/cms.nautilusplus.com\/fr\/reglements-procedures\/","title":{"rendered":"R\u00e8glements et proc\u00e9dures"},"content":{"rendered":"<p><strong><u>A &#8211; R\u00e8glements g\u00e9n\u00e9raux<\/u><\/strong><\/p>\n<ol>\n<li>L\u2019emploi de la carte de membre est r\u00e9gi par les conditions stipul\u00e9es dans le document des r\u00e8glements et proc\u00e9dures remis avec le contrat de louage de services. Le membre s\u2019engage \u00e0 les respecter, \u00e0 se conduire d\u2019une fa\u00e7on respectable en tout temps, \u00e0 ne rien dire ou faire qui pourrait entraver le bon fonctionnement de la succursale de Nautilus Plus inc. et nuire \u00e0 sa r\u00e9putation, ainsi qu\u2019aux activit\u00e9s pratiqu\u00e9es par les autres membres.<\/li>\n<li>Nautilus Plus Inc. se r\u00e9serve le droit de refuser l\u2019inscription pour toute personne qui travaille \u00e0 titre d\u2019employ\u00e9, administrateur ou \u00e9tant un propri\u00e9taire d\u2019une entreprise \u0153uvrant dans le domaine de centre de conditionnement physique et\/ou d\u2019un club de sports de raquette.<\/li>\n<li>Nautilus Plus inc. se r\u00e9serve le droit de modifier, ajouter, \u00e9liminer tout r\u00e8glement jug\u00e9 n\u00e9cessaire \u00e0 l\u2019am\u00e9lioration et\/ou fonctionnement de ses op\u00e9rations.<\/li>\n<li>L\u2019emploi de la carte du membre par une personne autre que le membre inscrit est susceptible d\u2019entra\u00eener l\u2019annulation imm\u00e9diate des droits et privil\u00e8ges du titulaire de la carte.<\/li>\n<li>L\u2019utilisation non autoris\u00e9e d\u2019un service par un membre constitue une violation du contrat d\u2019abonnement et peut entra\u00eener son annulation.<\/li>\n<li>Il est strictement interdit pour un membre de solliciter ou de vendre en nos lieux des produits et\/ou services aupr\u00e8s de la client\u00e8le. Dans l\u2019\u00e9ventualit\u00e9 o\u00f9 un membre serait pris en d\u00e9faut, ceci entra\u00eenera l\u2019annulation imm\u00e9diate des droits et privil\u00e8ges du titulaire de la carte et il sera passible de poursuites l\u00e9gales par Nautilus Plus Inc.<\/li>\n<li>Toute carte perdue par le membre entra\u00eenera son remplacement selon les frais administratifs en vigueur et l\u2019\u00e9mission de cette carte se fera par la succursale dans les plus brefs d\u00e9lais. Le membre pourra se voir refuser l\u2019acc\u00e8s \u00e0 la succursale s\u2019il n\u2019obtient pas cette nouvelle carte.<\/li>\n<li>Nautilus Plus inc. par l\u2019entremise de son personnel se r\u00e9serve le droit d\u2019annuler l\u2019abonnement du membre dans le cas o\u00f9 ce dernier enfreint un des r\u00e8glements.<\/li>\n<li>Nautilus Plus inc. se r\u00e9serve le droit de fermer les lieux temporairement pour fins d\u2019entretien et\/ou de r\u00e9paration ou de modifier les heures d\u2019ouverture selon les saisons et\/ou les jours f\u00e9ri\u00e9s.<\/li>\n<li>Les enfants de moins de 12 ans ne sont pas admis sur les plateaux de conditionnement physique.<\/li>\n<li>Pour toute demande de r\u00e9siliation dans un d\u00e9lai \u00e9gal \u00e0 1\/10 de la dur\u00e9e pr\u00e9vue au pr\u00e9sent contrat, la valeur des services connexes qui auront \u00e9t\u00e9 consomm\u00e9s durant cette p\u00e9riode sera d\u00e9duite du calcul de remboursement.<\/li>\n<li>Toute substitution ou ajout de services au contrat original entra\u00eene des frais administratifs, la majoration du co\u00fbt de l\u2019abonnement s\u2019il y a lieu (selon la grille tarifaire et la modalit\u00e9 de paiement en vigueur) et la signature d\u2019un addenda. L\u2019annulation de certains services \u00e0 l\u2019abonnement initial n\u2019est accept\u00e9e qu\u2019au moment du renouvellement de celui-ci. Cette modification entra\u00eenera des frais administratifs et est assujettie \u00e0 la tarification en vigueur au moment du renouvellement.<\/li>\n<li>Les suspensions de contrat ne seront consid\u00e9r\u00e9es que pour des raisons m\u00e9dicales et engendreront une extension de l\u2019abonnement pour compl\u00e9ter la p\u00e9riode d\u2019une ann\u00e9e pr\u00e9vue au contrat. Toute demande doit \u00eatre faite par \u00e9crit, accompagn\u00e9e du certificat m\u00e9dical et pr\u00e9sent\u00e9e au g\u00e9rant de la succursale avant le d\u00e9but de la p\u00e9riode vis\u00e9e par l\u2019extension ou la suspension. La carte de membre devra \u00eatre remise au g\u00e9rant de la succursale pour la p\u00e9riode de suspension. Les paiements pr\u00e9vus au contrat seront per\u00e7us sans interruption selon les modalit\u00e9s de l\u2019entente. Cependant, la p\u00e9riode correspondant \u00e0 la dur\u00e9e du gel sera ajout\u00e9e \u00e0 la fin du terme original pr\u00e9vu au contrat. (Non-applicable pour les abonnements court-terme et mensuels.) Les suspensions ne peuvent exc\u00e9der douze (12) mois et peuvent entra\u00eener des frais administratifs (selon la grille tarifaire en vigueur). Dans le cas de renouvellement d\u2019abonnement, la dur\u00e9e totale des suspensions ne peut exc\u00e9der les douze (12) mois pr\u00e9vus au contrat initial.<\/li>\n<li>Dans certains cas, l\u2019employeur paie soit pour une portion ou la totalit\u00e9 de l\u2019abonnement de son employ\u00e9. Si le paiement de l\u2019employeur n\u2019est pas re\u00e7u en partie ou en totalit\u00e9, Nautilus Plus inc. se r\u00e9serve le droit de modifier ou d\u2019annuler l\u2019abonnement.<\/li>\n<li>Dans le but d\u2019am\u00e9liorer la propret\u00e9 des lieux durant la p\u00e9riode du 1er novembre au 30 avril, il est interdit de se d\u00e9placer dans la succursale avec les chaussures que vous portez \u00e0 l\u2019ext\u00e9rieur (bottes, couvre-chaussures, souliers, espadrilles, etc.) Durant cette p\u00e9riode, vous devez d\u00e8s votre arriv\u00e9e \u00e0 la succursale enlever vos chaussures d\u2019ext\u00e9rieur en utilisant les tabourets dans l\u2019aire pr\u00e9vue \u00e0 cet effet et rev\u00eatir vos chaussures d\u2019entra\u00eenement. Vous devez apporter vos chaussures d\u2019ext\u00e9rieur au vestiaire et les d\u00e9poser \u00e0 votre convenance sur le tapis de caoutchouc ou dans votre casier. Lorsque vous quittez les lieux, vous devez \u00e0 nouveau \u00e9viter de porter vos chaussures d\u2019ext\u00e9rieur dans la succursale et ne les remettre que lorsque vous atteignez l\u2019aire pr\u00e9vue \u00e0 cet effet.<\/li>\n<\/ol>\n<p><strong><u>B- R\u00e8glements relatifs \u00e0 l\u2019utilisation des services<\/u><\/strong><\/p>\n<p><strong>Acc\u00e8s \u00e0 la succursale<\/strong><\/p>\n<ol>\n<li>D\u00e8s son arriv\u00e9e, le membre doit pr\u00e9senter sa carte \u00e0 la r\u00e9ception de la succursale afin de s\u2019identifier et enregistrer sa pr\u00e9sence, et ce, \u00e0 chacune de ses visites. De plus, il doit pr\u00e9senter sa carte \u00e0 sa sortie, pour enregistrer sa sortie.<\/li>\n<li>Le membre doit obligatoirement lib\u00e9rer le casier utilis\u00e9 dans les vestiaires \u00e0 son d\u00e9part sous peine de voir son cadenas sectionn\u00e9 \u00e0 la fermeture de la succursale.<\/li>\n<li>Nautilus Plus inc. se d\u00e9gage de toute responsabilit\u00e9 en cas de vol ou de perte d\u2019objets. Dans l\u2019ensemble des succursales, des casiers de s\u00e9curit\u00e9 sont disponibles et les membres peuvent y d\u00e9poser leurs effets personnels en respectant les consignes d\u2019utilisation. \u00c0 l\u2019arriv\u00e9e, le membre doit inscrire dans le cahier de contr\u00f4le le num\u00e9ro de casier utilis\u00e9, la date, son nom et num\u00e9ro de membre ainsi que l\u2019heure d\u2019entr\u00e9e et doit garder la clef du casier que l\u2019employ\u00e9 responsable lui a remis en main propre. \u00c0 son d\u00e9part, le membre doit inscrire l\u2019heure de sortie et apposer sa signature confirmant son utilisation et remettre en main propre la clef du casier \u00e0 l\u2019employ\u00e9 responsable.<\/li>\n<\/ol>\n<p><strong>Plateaux d\u2019entra\u00eenement et aires d\u2019activit\u00e9s sportives<\/strong><\/p>\n<ol>\n<li>L\u2019utilisation de la fiche d\u2019entra\u00eenement est fortement recommand\u00e9e sur tous nos plateaux d\u2019entra\u00eenement.<\/li>\n<li>Sur tous les plateaux d\u2019entra\u00eenement musculaire et cardiovasculaire, chaque membre doit obligatoirement apporter sa serviette pour essuyer toute trace de sueur sur les \u00e9quipements. Le non-respect de cette directive peut entra\u00eener l\u2019annulation de la carte de membre.<\/li>\n<li>Le port d\u2019un chandail ou d\u2019une camisole sportive opaque qui couvre compl\u00e8tement la poitrine en tout temps.<\/li>\n<li>Le port d\u2019un short, d\u2019un pantalon ou d\u2019un legging sportif opaque qui couvre compl\u00e8tement les fesses en tout temps.<\/li>\n<li>Le port d\u2019espadrilles appropri\u00e9es est obligatoire.<\/li>\n<li>Il est interdit d\u2019apporter un sac d\u2019entra\u00eenement sur les plateaux d\u2019entra\u00eenement.<\/li>\n<\/ol>\n<p><strong>Services compl\u00e9mentaires<\/strong><\/p>\n<ol>\n<li>La succursale met \u00e0 la disposition de ses membres des saunas. Ils sont accessibles dans le cadre des heures d\u2019ouverture et selon les r\u00e8glements mis en vigueur par la succursale.<\/li>\n<li>Il est obligatoire de prendre une douche avant d\u2019utiliser le sauna.<\/li>\n<li>Il est tr\u00e8s important de respecter les r\u00e8gles d\u2019utilisation des saunas. Ceux-ci fonctionnant \u00e0 chaleur s\u00e8che, il est strictement interdit de jeter de l\u2019eau sur les pierres. Le non-respect de cette r\u00e8gle expose notre client\u00e8le \u00e0 des dangers potentiels. Toute personne prise en flagrant d\u00e9lit assumera les frais relatifs au co\u00fbt de r\u00e9paration.<\/li>\n<li>Il est interdit de se raser dans les saunas.<\/li>\n<li>Il importe de ne rien laisser tra\u00eener dans les saunas, l\u2019oubli d\u2019un objet pouvant causer une br\u00fblure ou encore d\u00e9clencher un incendie.<\/li>\n<\/ol>\n<p><strong>Politique pour les invit\u00e9s<\/strong><\/p>\n<ol>\n<li>Un invit\u00e9 doit \u00eatre accompagn\u00e9 d\u2019un membre pour avoir acc\u00e8s aux plateaux de conditionnement physique et aires d\u2019activit\u00e9s sportives.<\/li>\n<li>L\u2019invit\u00e9 doit obligatoirement remplir un questionnaire m\u00e9dical et acquitter les frais d\u2019invit\u00e9 et les frais de terrain s\u2019il y a lieu (selon la grille tarifaire en vigueur) pour acc\u00e9der aux installations.<\/li>\n<li>Un membre a la possibilit\u00e9 d\u2019amener des invit\u00e9s \u00e0 la succursale pour la pratique des sports de raquette ou l\u2019utilisation des aires d\u2019entra\u00eenement. Nautilus Plus inc. se r\u00e9serve le droit de limiter le nombre de visites pour un m\u00eame invit\u00e9.<\/li>\n<\/ol>\n<p><strong><u>C &#8211; R\u00e8glements et proc\u00e9dures pour les plateaux d\u2019entra\u00eenement musculaire et cardiovasculaire (Nautilus, Spek <sup>MD<\/sup>, Lifecircuit <sup>MD<\/sup>, Gym et Vo2Max <sup>MD<\/sup>)<\/u><\/strong><\/p>\n<ol>\n<li>Dans l\u2019\u00e9laboration d\u2019un programme d\u2019entra\u00eenement, il est important de respecter certains principes de base pour b\u00e9n\u00e9ficier des effets de l\u2019entra\u00eenement et ainsi am\u00e9liorer sa condition physique dans un environnement s\u00e9curitaire. Pour se faire, nous offrons diff\u00e9rents services d\u2019encadrement moyennant des frais (selon la grille tarifaire en vigueur), et ce, dans chacune de nos succursales.<\/li>\n<li>Il est fortement sugg\u00e9r\u00e9 de bien vous \u00e9chauffer avant de d\u00e9buter votre s\u00e9ance d\u2019entra\u00eenement musculaire. \u00c0 cet effet nous vous recommandons de faire 5 \u00e0 10 minutes d\u2019exercice sur un des appareils cardio-vasculaire.<\/li>\n<li>Il est possible d\u2019ex\u00e9cuter plus d\u2019une s\u00e9rie sur les appareils. Afin de favoriser un acc\u00e8s \u00e9quitable aux \u00e9quipements, il est obligatoire de c\u00e9der sa place aux autres membres utilisateurs apr\u00e8s chaque s\u00e9rie.<\/li>\n<li>Tous les poids et barres doivent \u00eatre remis aux endroits appropri\u00e9s apr\u00e8s chaque utilisation.<\/li>\n<li>Il est strictement interdit de laisser tomber violemment les charges au sol ou sur les supports pr\u00e9vus \u00e0 cette fin.<\/li>\n<li>Il est obligatoire d\u2019utiliser les plaques caoutchout\u00e9es sur les appareils \u201cHammer Strength\u201d. Il est strictement interdit d\u2019utiliser des plaques en fonte sur ces \u00e9quipements.<\/li>\n<li>Il est interdit de d\u00e9placer toute pi\u00e8ce d\u2019\u00e9quipement du \u201cGym\u201d \u00e0 l\u2019ext\u00e9rieur de l\u2019aire du \u201cGym\u201d.<\/li>\n<li>\u00c0 son arriv\u00e9e au plateau cardiovasculaire et seulement apr\u00e8s avoir rev\u00eatu sa tenue d\u2019entra\u00eenement, le membre doit signer la fiche de r\u00e9servation de l\u2019appareil qu\u2019il d\u00e9sire utiliser en inscrivant son nom et num\u00e9ro de membre dans les espaces correspondants \u00e0 l\u2019heure \u00e0 laquelle il d\u00e9sire utiliser l\u2019appareil. Le membre ne peut r\u00e9server plus de deux heures (120 minutes) \u00e0 l\u2019avance.<\/li>\n<li>On ne peut r\u00e9server l\u2019acc\u00e8s \u00e0 plus d\u2019un appareil par s\u00e9ance. Il est cependant possible d\u2019utiliser plus d\u2019un appareil par s\u00e9ance en autant que le ou les appareils en question n\u2019aient pas \u00e9t\u00e9 r\u00e9serv\u00e9s par un autre membre.<\/li>\n<li>La dur\u00e9e maximale de r\u00e9servation d\u2019un appareil est limit\u00e9e \u00e0 trente (30) minutes. Advenant le cas o\u00f9 l\u2019appareil utilis\u00e9 n\u2019est pas r\u00e9serv\u00e9 par un autre membre, l\u2019utilisateur pourra poursuivre sa s\u00e9ance d\u2019entra\u00eenement (sans r\u00e9servation) pour une nouvelle dur\u00e9e de trente (30) minutes o\u00f9 jusqu\u2019\u00e0 ce qu\u2019un autre membre r\u00e9clame le droit d\u2019utiliser l\u2019appareil, selon le cas.<\/li>\n<li>Le membre d\u00e9sirant utiliser un nouvel appareil devra pr\u00e9alablement rencontrer un intervenant afin que celui-ci lui explique le fonctionnement de l\u2019appareil et ajuste les param\u00e8tres en fonction de sa capacit\u00e9.<\/li>\n<li>Le personnel a re\u00e7u toute la formation n\u00e9cessaire pour fournir une supervision ad\u00e9quate; la d\u00e9cision finale leur appartient en ce qui regarde la prescription et le mode d\u2019ex\u00e9cution des exercices.<\/li>\n<li>Tout programme d\u2019entra\u00eenement complet comprend des exercices d\u2019\u00e9tirement. Ceux-ci s\u2019effectuent dans l\u2019aire pr\u00e9vue \u00e0 cette fin, selon la prescription et tel qu\u2019indiqu\u00e9 sur les affiches d\u2019information. De plus, il est strictement interdit de s\u2019\u00e9tirer sur les appareils d\u2019entra\u00eenement, les rampes et tout autre endroit inappropri\u00e9.<\/li>\n<li>Les membres doivent avoir termin\u00e9 leur s\u00e9ance d\u2019entra\u00eenement \u00e0 l\u2019heure de fermeture tel qu\u2019indiqu\u00e9 sur l\u2019horaire d\u2019utilisation des plateaux d\u2019entra\u00eenement.<\/li>\n<li>Tout membre ou invit\u00e9 prit en flagrant d\u00e9lit d\u2019usage, possession ou commerce de st\u00e9ro\u00efdes anabolisants ou tout autre produit prohib\u00e9 se verra d\u00e9nonc\u00e9 aux autorit\u00e9s judiciaires et sera exclu \u00e0 vie des \u00e9tablissements Nautilus Plus inc.<\/li>\n<li>Il est sugg\u00e9r\u00e9 de prendre rendez-vous lorsque vous vous pr\u00e9sentez pour une premi\u00e8re fois dans une succursale du r\u00e9seau Nautilus Plus inc., autre que la succursale o\u00f9 vous avez fait votre inscription.<\/li>\n<\/ol>\n<p><strong><u>D &#8211; R\u00e8glements et proc\u00e9dures pour les cours de conditionnement physique en groupe et\/ou entra\u00eenement en groupe sur v\u00e9lo stationnaire.<\/u><\/strong><\/p>\n<ol>\n<li>Chaque session de cours de conditionnement physique en groupe est d\u2019une dur\u00e9e d\u2019environ huit semaines.<\/li>\n<li>Tout membre d\u00e9sirant participer \u00e0 un cours de conditionnement physique en groupe doit s\u2019inscrire sur le site internet de Nautilus Plus inc. dans la section pr\u00e9vue \u00e0 cet effet et se pr\u00e9senter \u00e0 la r\u00e9ception afin de se procurer un laissez-passer.<\/li>\n<li>Un membre ne pourra participer \u00e0 plus de 75 minutes de cours cons\u00e9cutifs de la programmation conditionnement physique en groupe, \u00e0 moins que la capacit\u00e9 maximale de la salle de cours le permette.<\/li>\n<li>Pour les cours affichant la mention \u00ab\u00a0acc\u00e8s libre\u00a0\u00bb, l\u2019inscription ne sera pas requise et la priorit\u00e9 d\u2019acc\u00e8s du membre sera d\u00e9termin\u00e9e selon l\u2019ordre d\u2019arriv\u00e9e.<\/li>\n<li>L\u2019acc\u00e8s au cours \u00e9tant limit\u00e9 selon la capacit\u00e9 maximale de la salle, le personnel se r\u00e9serve le droit de refuser un membre si la limite de participation est atteinte.<\/li>\n<li>En tout temps, Nautilus Plus inc. se r\u00e9serve le droit de modifier l\u2019assignation des animateurs et l\u2019horaire des cours d\u2019une session \u00e0 l\u2019autre.<\/li>\n<li>Pour tout cours de conditionnement physique en groupe o\u00f9 le nombre d\u2019inscriptions et\/ou de participants est jug\u00e9 insuffisant, Nautilus Plus inc. se r\u00e9serve le droit de modifier l\u2019horaire de cours. Le membre a donc la responsabilit\u00e9 de consulter l\u2019horaire des cours disponibles \u00e0 la succursale choisie.<\/li>\n<li>Tous les cours ayant des places disponibles sont accessibles aux invit\u00e9s du membre moyennant les frais en vigueur.<\/li>\n<li>Il est strictement interdit de circuler dans la succursale avec des souliers de v\u00e9lo ayant des cales. Vous devez mettre ce type de souliers uniquement lorsque vous \u00eates pr\u00e8s du v\u00e9lo que vous avez choisi dans la salle d\u2019entra\u00eenement en groupe sur v\u00e9lo stationnaire.<\/li>\n<li>Pour consulter les horaires et les modalit\u00e9s d\u2019inscription, veuillez consulter le site internet de Nautilus Plus inc. \u00e0 la section \u00ab\u00a0cours de groupe\u00a0\u00bb.<\/li>\n<\/ol>\n<p><strong><u>E\u00a0&#8211; R\u00e9glements concernant l\u2019abonnement Boomerang.<\/u><\/strong><\/p>\n<ol>\n<li>L\u2019abonnement Boomerang ne peut \u00eatre jumel\u00e9 \u00e0 aucune autre promotion.<\/li>\n<li>Les ristournes accumul\u00e9es sont applicables exclusivement sur l\u2019abonnement et sur les produits et services de Nautilus Plus. Elles ne sont pas \u00e9changeables ni transf\u00e9rables.<\/li>\n<li>Les ristournes sont disponibles seulement apr\u00e8s la p\u00e9riode de r\u00e9siliation du contrat du client. En cas de r\u00e9siliation, les ristournes ne peuvent \u00eatre utilis\u00e9es et seront annul\u00e9es.<\/li>\n<li>Pour les membres qui paient leur abonnement en deux versements, les ristournes cumul\u00e9es durant la premi\u00e8re moiti\u00e9 d\u2019abonnement pourront \u00eatre utilis\u00e9es pour r\u00e9duire le montant du deuxi\u00e8me versement \u00e0 venir et ce, en se pr\u00e9sentant en succursale pour en faire la demande.<\/li>\n<li>L\u2019application des ristournes sur un (des) pr\u00e9l\u00e8vements (s) se fait exclusivement par le membre en utilisant l\u2019espace client sur le site Internet de Nautilus Plus ou via l\u2019application mobile Nautilus Plus. Le dossier du membre doit \u00eatre en r\u00e8gle et ne comporter aucune anomalie de paiement<\/li>\n<li>Un maximum d\u2019une participation par jour, d\u2019une dur\u00e9e minimale de 30 minutes, sera comptabilis\u00e9 comme ristourne. Seule une participation saisie avec la lecture de la carte de membre (ou re\u00e7u temporaire) sera accept\u00e9e.<\/li>\n<li>Tous les membres inscrits \u00e0 l\u2019abonnement BOOMERANG sont responsables de v\u00e9rifier l\u2019enregistrement de chaque participation \u00e0 la sortie de la succursale via l\u2019Espace client sur le site Internet de Nautilus Plus ou sur l\u2019application mobile Nautilus Plus. Aucune saisie manuelle, apr\u00e8s le d\u00e9part du client, ne sera effectu\u00e9e pour l\u2019enregistrement d\u2019une participation dans un dossier de membre. Dans le cas d\u2019une panne de syst\u00e8me informatique ou d\u2019une panne d\u2019\u00e9lectricit\u00e9 au moment de la pr\u00e9sence du membre, seules les participations inscrites sur le registre pr\u00e9vu \u00e0 cet effet seront saisies manuellement par le gestionnaire. Aucune correction de participation ne sera effectu\u00e9e au-del\u00e0 de deux jours ouvrables suivant la pr\u00e9sence du membre au centre.<\/li>\n<\/ol>\n<p><strong><u>F &#8211; R\u00e9glements concernant la promotion d&rsquo;une dur\u00e9e limit\u00e9e sur l&rsquo;abonnement annuel chez les jeunes de 25 ans et moins\u00a0<\/u><\/strong><\/p>\n<ol>\n<li>Cet abonnement donne acc\u00e8s au r\u00e9seau de succursales Nautilus Plus.<\/li>\n<li>Cet abonnement est utilisable sur un\u00a0 horaire limit\u00e9 d\u2019acc\u00e8s du lundi au vendredi, entre 19h et la fermeture, et\u00a0 un acc\u00e8s illimit\u00e9 durant les heures d\u2019ouverture les samedis et dimanches.<\/li>\n<\/ol>\n\n\n<p><\/p>\n","protected":false},"excerpt":{"rendered":"<p>A &#8211; R\u00e8glements g\u00e9n\u00e9raux L\u2019emploi de la carte de membre est r\u00e9gi par les conditions stipul\u00e9es dans le document des r\u00e8glements et proc\u00e9dures remis avec le contrat de louage de services. Le membre s\u2019engage \u00e0 les respecter, \u00e0 se conduire d\u2019une fa\u00e7on respectable en tout temps, \u00e0 ne rien dire ou faire qui pourrait entraver [&hellip;]<\/p>\n","protected":false},"author":17,"featured_media":39061,"parent":0,"menu_order":0,"comment_status":"closed","ping_status":"closed","template":"page-text.php","meta":[],"yoast_head":"<!-- This site is optimized with the Yoast SEO plugin v16.3 - https:\/\/yoast.com\/wordpress\/plugins\/seo\/ -->\r\n<meta name=\"robots\" content=\"index, follow, max-snippet:-1, max-image-preview:large, max-video-preview:-1\" \/>\r\n<link rel=\"canonical\" href=\"https:\/\/www.nautilusplus.com\/fr\/reglements-procedures\/\" \/>\r\n<meta property=\"og:locale\" content=\"fr_FR\" \/>\r\n<meta property=\"og:type\" content=\"article\" \/>\r\n<meta property=\"og:title\" content=\"R\u00e8glements et proc\u00e9dures | Nautilus Plus\" \/>\r\n<meta property=\"og:description\" content=\"A &#8211; R\u00e8glements g\u00e9n\u00e9raux L\u2019emploi de la carte de membre est r\u00e9gi par les conditions stipul\u00e9es dans le document des r\u00e8glements et proc\u00e9dures remis avec le contrat de louage de services. Le membre s\u2019engage \u00e0 les respecter, \u00e0 se conduire d\u2019une fa\u00e7on respectable en tout temps, \u00e0 ne rien dire ou faire qui pourrait entraver [&hellip;]\" \/>\r\n<meta property=\"og:url\" content=\"https:\/\/www.nautilusplus.com\/fr\/reglements-procedures\/\" \/>\r\n<meta property=\"og:site_name\" content=\"Nautilus Plus\" \/>\r\n<meta property=\"article:modified_time\" content=\"2025-07-21T17:48:07+00:00\" \/>\r\n<meta property=\"og:image\" content=\"https:\/\/www.nautilusplus.com\/content\/uploads\/2021\/11\/reglements-nautilus.jpg\" \/>\r\n\t<meta property=\"og:image:width\" content=\"2000\" \/>\r\n\t<meta property=\"og:image:height\" content=\"1125\" \/>\r\n<meta name=\"twitter:label1\" content=\"Est. reading time\">\n\t<meta name=\"twitter:data1\" content=\"12 minutes\">\r\n<script type=\"application\/ld+json\" class=\"yoast-schema-graph\">{\"@context\":\"https:\/\/schema.org\",\"@graph\":[{\"@type\":\"WebSite\",\"@id\":\"https:\/\/www.nautilusplus.com\/fr\/#website\",\"url\":\"https:\/\/www.nautilusplus.com\/fr\/\",\"name\":\"Nautilus Plus\",\"description\":\"Plus qu&#039;un gym\",\"potentialAction\":[{\"@type\":\"SearchAction\",\"target\":\"https:\/\/www.nautilusplus.com\/fr\/?s={search_term_string}\",\"query-input\":\"required name=search_term_string\"}],\"inLanguage\":\"fr-FR\"},{\"@type\":\"ImageObject\",\"@id\":\"https:\/\/www.nautilusplus.com\/fr\/reglements-procedures\/#primaryimage\",\"inLanguage\":\"fr-FR\",\"url\":\"https:\/\/www.nautilusplus.com\/content\/uploads\/2021\/11\/reglements-nautilus.jpg\",\"contentUrl\":\"https:\/\/www.nautilusplus.com\/content\/uploads\/2021\/11\/reglements-nautilus.jpg\",\"width\":2000,\"height\":1125},{\"@type\":\"WebPage\",\"@id\":\"https:\/\/www.nautilusplus.com\/fr\/reglements-procedures\/#webpage\",\"url\":\"https:\/\/www.nautilusplus.com\/fr\/reglements-procedures\/\",\"name\":\"R\\u00e8glements et proc\\u00e9dures | Nautilus Plus\",\"isPartOf\":{\"@id\":\"https:\/\/www.nautilusplus.com\/fr\/#website\"},\"primaryImageOfPage\":{\"@id\":\"https:\/\/www.nautilusplus.com\/fr\/reglements-procedures\/#primaryimage\"},\"datePublished\":\"2015-08-27T19:27:12+00:00\",\"dateModified\":\"2025-07-21T17:48:07+00:00\",\"breadcrumb\":{\"@id\":\"https:\/\/www.nautilusplus.com\/fr\/reglements-procedures\/#breadcrumb\"},\"inLanguage\":\"fr-FR\",\"potentialAction\":[{\"@type\":\"ReadAction\",\"target\":[\"https:\/\/www.nautilusplus.com\/fr\/reglements-procedures\/\"]}]},{\"@type\":\"BreadcrumbList\",\"@id\":\"https:\/\/www.nautilusplus.com\/fr\/reglements-procedures\/#breadcrumb\",\"itemListElement\":[{\"@type\":\"ListItem\",\"position\":1,\"item\":{\"@type\":\"WebPage\",\"@id\":\"https:\/\/www.nautilusplus.com\/fr\/\",\"url\":\"https:\/\/www.nautilusplus.com\/fr\/\",\"name\":\"Home\"}},{\"@type\":\"ListItem\",\"position\":2,\"item\":{\"@id\":\"https:\/\/www.nautilusplus.com\/fr\/reglements-procedures\/#webpage\"}}]}]}<\/script>\r\n<!-- \/ Yoast SEO plugin. -->","_links":{"self":[{"href":"https:\/\/cms.nautilusplus.com\/fr\/wp-json\/wp\/v2\/pages\/21181"}],"collection":[{"href":"https:\/\/cms.nautilusplus.com\/fr\/wp-json\/wp\/v2\/pages"}],"about":[{"href":"https:\/\/cms.nautilusplus.com\/fr\/wp-json\/wp\/v2\/types\/page"}],"author":[{"embeddable":true,"href":"https:\/\/cms.nautilusplus.com\/fr\/wp-json\/wp\/v2\/users\/17"}],"replies":[{"embeddable":true,"href":"https:\/\/cms.nautilusplus.com\/fr\/wp-json\/wp\/v2\/comments?post=21181"}],"version-history":[{"count":0,"href":"https:\/\/cms.nautilusplus.com\/fr\/wp-json\/wp\/v2\/pages\/21181\/revisions"}],"wp:featuredmedia":[{"embeddable":true,"href":"https:\/\/cms.nautilusplus.com\/fr\/wp-json\/wp\/v2\/media\/39061"}],"wp:attachment":[{"href":"https:\/\/cms.nautilusplus.com\/fr\/wp-json\/wp\/v2\/media?parent=21181"}],"curies":[{"name":"wp","href":"https:\/\/api.w.org\/{rel}","templated":true}]}}