{"id":21078,"date":"2015-08-14T11:13:25","date_gmt":"2015-08-14T15:13:25","guid":{"rendered":"http:\/\/www.nautilusplus.com\/?page_id=21078"},"modified":"2021-12-01T10:30:25","modified_gmt":"2021-12-01T15:30:25","slug":"bode-composition-corporelle","status":"publish","type":"page","link":"https:\/\/cms.nautilusplus.com\/fr\/bode-composition-corporelle\/","title":{"rendered":"Analyse de votre composition corporelle"},"content":{"rendered":"<p>Au-del\u00e0 des mesures prises lors de votre \u00e9valuation de la condition physique, Nautilus Plus vous offre des analyses encore plus pouss\u00e9es vous permettant d\u2019en savoir davantage sur vos progr\u00e8s. \u00c0 l\u2019aide de deux appareils de haute technologie soit Bod\u00eb et Styku, d\u00e9couvrez-en plus sur votre composition corporelle avec les d\u00e9tails que vous fournissent ces appareils afin de mieux suivre votre progression et vos r\u00e9sultats.<\/p>\n","protected":false},"excerpt":{"rendered":"<p>Au-del\u00e0 des mesures prises lors de votre \u00e9valuation de la condition physique, Nautilus Plus vous offre des analyses encore plus pouss\u00e9es vous permettant d\u2019en savoir davantage sur vos progr\u00e8s. \u00c0 l\u2019aide de deux appareils de haute technologie soit Bod\u00eb et Styku, d\u00e9couvrez-en plus sur votre composition corporelle avec les d\u00e9tails que vous fournissent ces appareils [&hellip;]<\/p>\n","protected":false},"author":17,"featured_media":0,"parent":0,"menu_order":0,"comment_status":"closed","ping_status":"closed","template":"page-bode.php","meta":[],"yoast_head":"<!-- This site is optimized with the Yoast SEO plugin v16.3 - https:\/\/yoast.com\/wordpress\/plugins\/seo\/ -->\r\n<meta name=\"description\" content=\"Chez Nautilus Plus, la haute technologie se met \u00e0 votre service en vous fournissant des donn\u00e9es essentielles sur votre composition corporelle.\" \/>\r\n<meta name=\"robots\" content=\"index, follow, max-snippet:-1, max-image-preview:large, max-video-preview:-1\" \/>\r\n<link rel=\"canonical\" href=\"https:\/\/www.nautilusplus.com\/fr\/bode-composition-corporelle\/\" \/>\r\n<meta property=\"og:locale\" content=\"fr_FR\" \/>\r\n<meta property=\"og:type\" content=\"article\" \/>\r\n<meta property=\"og:title\" content=\"Analyse de votre composition corporelle - Nautilus Plus\" \/>\r\n<meta property=\"og:description\" content=\"Chez Nautilus Plus, la haute technologie se met \u00e0 votre service en vous fournissant des donn\u00e9es essentielles sur votre composition corporelle.\" \/>\r\n<meta property=\"og:url\" content=\"https:\/\/www.nautilusplus.com\/fr\/bode-composition-corporelle\/\" \/>\r\n<meta property=\"og:site_name\" content=\"Nautilus Plus\" \/>\r\n<meta property=\"article:modified_time\" content=\"2021-12-01T15:30:25+00:00\" \/>\r\n<meta name=\"twitter:label1\" content=\"Est. reading time\">\n\t<meta name=\"twitter:data1\" content=\"1 minute\">\r\n<script type=\"application\/ld+json\" class=\"yoast-schema-graph\">{\"@context\":\"https:\/\/schema.org\",\"@graph\":[{\"@type\":\"WebSite\",\"@id\":\"https:\/\/www.nautilusplus.com\/fr\/#website\",\"url\":\"https:\/\/www.nautilusplus.com\/fr\/\",\"name\":\"Nautilus Plus\",\"description\":\"Plus qu&#039;un gym\",\"potentialAction\":[{\"@type\":\"SearchAction\",\"target\":\"https:\/\/www.nautilusplus.com\/fr\/?s={search_term_string}\",\"query-input\":\"required name=search_term_string\"}],\"inLanguage\":\"fr-FR\"},{\"@type\":\"WebPage\",\"@id\":\"https:\/\/www.nautilusplus.com\/fr\/bode-composition-corporelle\/#webpage\",\"url\":\"https:\/\/www.nautilusplus.com\/fr\/bode-composition-corporelle\/\",\"name\":\"Analyse de votre composition corporelle - Nautilus Plus\",\"isPartOf\":{\"@id\":\"https:\/\/www.nautilusplus.com\/fr\/#website\"},\"datePublished\":\"2015-08-14T15:13:25+00:00\",\"dateModified\":\"2021-12-01T15:30:25+00:00\",\"description\":\"Chez Nautilus Plus, la haute technologie se met \\u00e0 votre service en vous fournissant des donn\\u00e9es essentielles sur votre composition corporelle.\",\"breadcrumb\":{\"@id\":\"https:\/\/www.nautilusplus.com\/fr\/bode-composition-corporelle\/#breadcrumb\"},\"inLanguage\":\"fr-FR\",\"potentialAction\":[{\"@type\":\"ReadAction\",\"target\":[\"https:\/\/www.nautilusplus.com\/fr\/bode-composition-corporelle\/\"]}]},{\"@type\":\"BreadcrumbList\",\"@id\":\"https:\/\/www.nautilusplus.com\/fr\/bode-composition-corporelle\/#breadcrumb\",\"itemListElement\":[{\"@type\":\"ListItem\",\"position\":1,\"item\":{\"@type\":\"WebPage\",\"@id\":\"https:\/\/www.nautilusplus.com\/fr\/\",\"url\":\"https:\/\/www.nautilusplus.com\/fr\/\",\"name\":\"Home\"}},{\"@type\":\"ListItem\",\"position\":2,\"item\":{\"@id\":\"https:\/\/www.nautilusplus.com\/fr\/bode-composition-corporelle\/#webpage\"}}]}]}<\/script>\r\n<!-- \/ Yoast SEO plugin. -->","_links":{"self":[{"href":"https:\/\/cms.nautilusplus.com\/fr\/wp-json\/wp\/v2\/pages\/21078"}],"collection":[{"href":"https:\/\/cms.nautilusplus.com\/fr\/wp-json\/wp\/v2\/pages"}],"about":[{"href":"https:\/\/cms.nautilusplus.com\/fr\/wp-json\/wp\/v2\/types\/page"}],"author":[{"embeddable":true,"href":"https:\/\/cms.nautilusplus.com\/fr\/wp-json\/wp\/v2\/users\/17"}],"replies":[{"embeddable":true,"href":"https:\/\/cms.nautilusplus.com\/fr\/wp-json\/wp\/v2\/comments?post=21078"}],"version-history":[{"count":0,"href":"https:\/\/cms.nautilusplus.com\/fr\/wp-json\/wp\/v2\/pages\/21078\/revisions"}],"wp:attachment":[{"href":"https:\/\/cms.nautilusplus.com\/fr\/wp-json\/wp\/v2\/media?parent=21078"}],"curies":[{"name":"wp","href":"https:\/\/api.w.org\/{rel}","templated":true}]}}