{"id":18891,"date":"2014-09-02T10:41:50","date_gmt":"2014-09-02T14:41:50","guid":{"rendered":"http:\/\/nautilusplus.com\/?page_id=18891"},"modified":"2025-11-10T14:48:43","modified_gmt":"2025-11-10T19:48:43","slug":"produits-congeles-zero-diete","status":"publish","type":"page","link":"https:\/\/cms.nautilusplus.com\/fr\/produits-congeles-zero-diete\/","title":{"rendered":"REPAS ET COLLATIONS Z\u00c9RO DI\u00c8TE"},"content":{"rendered":"<p>Enfin! La solution facile pour manger sant\u00e9. Atteignez vos objectifs de mise en forme encore plus rapidement. Ne faites aucun compromis sur le go\u00fbt. D\u00e9couvrez la nouvelle et savoureuse collection de repas et collations Z\u00e9ro Di\u00e8te.<\/p>\n<p><strong>Commandez en ligne et r\u00e9cup\u00e9rez \u00e0 la succursale Nautilus Plus de votre choix!<\/strong><\/p>\n","protected":false},"excerpt":{"rendered":"<p>Enfin! La solution facile pour manger sant\u00e9. Atteignez vos objectifs de mise en forme encore plus rapidement. Ne faites aucun compromis sur le go\u00fbt. D\u00e9couvrez la nouvelle et savoureuse collection de repas et collations Z\u00e9ro Di\u00e8te. Commandez en ligne et r\u00e9cup\u00e9rez \u00e0 la succursale Nautilus Plus de votre choix!<\/p>\n","protected":false},"author":17,"featured_media":28971,"parent":0,"menu_order":0,"comment_status":"closed","ping_status":"closed","template":"page-zero-diet-products.php","meta":[],"yoast_head":"<!-- This site is optimized with the Yoast SEO plugin v16.3 - https:\/\/yoast.com\/wordpress\/plugins\/seo\/ -->\r\n<meta name=\"description\" content=\"D\u00e9couvrez la nouvelle collection de repas et de collations Z\u00e9ro Di\u00e8te. Atteignez vos objectifs de mise en forme encore plus rapidement.\" \/>\r\n<meta name=\"robots\" content=\"index, follow, max-snippet:-1, max-image-preview:large, max-video-preview:-1\" \/>\r\n<link rel=\"canonical\" href=\"https:\/\/www.nautilusplus.com\/fr\/produits-congeles-zero-diete\/\" \/>\r\n<meta property=\"og:locale\" content=\"fr_FR\" \/>\r\n<meta property=\"og:type\" content=\"article\" \/>\r\n<meta property=\"og:title\" content=\"Z\u00e9ro Di\u00e8te - Pr\u00eats-\u00e0-manger sant\u00e9\" \/>\r\n<meta property=\"og:description\" content=\"D\u00e9couvrez la collection de repas et de collations Z\u00e9ro Di\u00e8te. Atteignez vos objectifs de mise en forme encore plus rapidement.\" \/>\r\n<meta property=\"og:url\" content=\"https:\/\/www.nautilusplus.com\/fr\/produits-congeles-zero-diete\/\" \/>\r\n<meta property=\"og:site_name\" content=\"Nautilus Plus\" \/>\r\n<meta property=\"article:modified_time\" content=\"2025-11-10T19:48:43+00:00\" \/>\r\n<meta property=\"og:image\" content=\"https:\/\/www.nautilusplus.com\/content\/uploads\/2014\/09\/primetime-produits-zero-diete-1.jpg\" \/>\r\n\t<meta property=\"og:image:width\" content=\"1920\" \/>\r\n\t<meta property=\"og:image:height\" content=\"873\" \/>\r\n<meta name=\"twitter:label1\" content=\"Est. reading time\">\n\t<meta name=\"twitter:data1\" content=\"1 minute\">\r\n<script type=\"application\/ld+json\" class=\"yoast-schema-graph\">{\"@context\":\"https:\/\/schema.org\",\"@graph\":[{\"@type\":\"WebSite\",\"@id\":\"https:\/\/www.nautilusplus.com\/#website\",\"url\":\"https:\/\/www.nautilusplus.com\/\",\"name\":\"Nautilus Plus\",\"description\":\"Plus qu&#039;un gym\",\"potentialAction\":[{\"@type\":\"SearchAction\",\"target\":\"https:\/\/www.nautilusplus.com\/?s={search_term_string}\",\"query-input\":\"required name=search_term_string\"}],\"inLanguage\":\"fr-FR\"},{\"@type\":\"ImageObject\",\"@id\":\"https:\/\/www.nautilusplus.com\/fr\/produits-congeles-zero-diete\/#primaryimage\",\"inLanguage\":\"fr-FR\",\"url\":\"https:\/\/www.nautilusplus.com\/content\/uploads\/2014\/09\/primetime-produits-zero-diete-1.jpg\",\"contentUrl\":\"https:\/\/www.nautilusplus.com\/content\/uploads\/2014\/09\/primetime-produits-zero-diete-1.jpg\",\"width\":1920,\"height\":873,\"caption\":\"produits zero diete\"},{\"@type\":\"WebPage\",\"@id\":\"https:\/\/www.nautilusplus.com\/fr\/produits-congeles-zero-diete\/#webpage\",\"url\":\"https:\/\/www.nautilusplus.com\/fr\/produits-congeles-zero-diete\/\",\"name\":\"Z\\u00e9ro Di\\u00e8te - Repas et collations\",\"isPartOf\":{\"@id\":\"https:\/\/www.nautilusplus.com\/#website\"},\"primaryImageOfPage\":{\"@id\":\"https:\/\/www.nautilusplus.com\/fr\/produits-congeles-zero-diete\/#primaryimage\"},\"datePublished\":\"2014-09-02T14:41:50+00:00\",\"dateModified\":\"2025-11-10T19:48:43+00:00\",\"description\":\"D\\u00e9couvrez la nouvelle collection de repas et de collations Z\\u00e9ro Di\\u00e8te. Atteignez vos objectifs de mise en forme encore plus rapidement.\",\"breadcrumb\":{\"@id\":\"https:\/\/www.nautilusplus.com\/fr\/produits-congeles-zero-diete\/#breadcrumb\"},\"inLanguage\":\"fr-FR\",\"potentialAction\":[{\"@type\":\"ReadAction\",\"target\":[\"https:\/\/www.nautilusplus.com\/fr\/produits-congeles-zero-diete\/\"]}]},{\"@type\":\"BreadcrumbList\",\"@id\":\"https:\/\/www.nautilusplus.com\/fr\/produits-congeles-zero-diete\/#breadcrumb\",\"itemListElement\":[{\"@type\":\"ListItem\",\"position\":1,\"item\":{\"@type\":\"WebPage\",\"@id\":\"https:\/\/www.nautilusplus.com\/fr\/\",\"url\":\"https:\/\/www.nautilusplus.com\/fr\/\",\"name\":\"Home\"}},{\"@type\":\"ListItem\",\"position\":2,\"item\":{\"@id\":\"https:\/\/www.nautilusplus.com\/fr\/produits-congeles-zero-diete\/#webpage\"}}]}]}<\/script>\r\n<!-- \/ Yoast SEO plugin. -->","_links":{"self":[{"href":"https:\/\/cms.nautilusplus.com\/fr\/wp-json\/wp\/v2\/pages\/18891"}],"collection":[{"href":"https:\/\/cms.nautilusplus.com\/fr\/wp-json\/wp\/v2\/pages"}],"about":[{"href":"https:\/\/cms.nautilusplus.com\/fr\/wp-json\/wp\/v2\/types\/page"}],"author":[{"embeddable":true,"href":"https:\/\/cms.nautilusplus.com\/fr\/wp-json\/wp\/v2\/users\/17"}],"replies":[{"embeddable":true,"href":"https:\/\/cms.nautilusplus.com\/fr\/wp-json\/wp\/v2\/comments?post=18891"}],"version-history":[{"count":0,"href":"https:\/\/cms.nautilusplus.com\/fr\/wp-json\/wp\/v2\/pages\/18891\/revisions"}],"wp:featuredmedia":[{"embeddable":true,"href":"https:\/\/cms.nautilusplus.com\/fr\/wp-json\/wp\/v2\/media\/28971"}],"wp:attachment":[{"href":"https:\/\/cms.nautilusplus.com\/fr\/wp-json\/wp\/v2\/media?parent=18891"}],"curies":[{"name":"wp","href":"https:\/\/api.w.org\/{rel}","templated":true}]}}