{"id":11405,"date":"2013-11-08T11:11:31","date_gmt":"2013-11-08T16:11:31","guid":{"rendered":"http:\/\/nautilus.dev\/?page_id=11405"},"modified":"2023-09-26T15:49:15","modified_gmt":"2023-09-26T19:49:15","slug":"politique-de-confidentialite","status":"publish","type":"page","link":"https:\/\/cms.nautilusplus.com\/fr\/politique-de-confidentialite\/","title":{"rendered":"Politique concernant la protection des renseignements personnels et la confidentialit\u00e9 des donn\u00e9es de NAUTILUS PLUS"},"content":{"rendered":"<p>Les politiques suivantes d\u00e9crivent les pratiques de Nautilus Plus en ce qui a trait \u00e0 la collecte, l\u2019utilisation et la divulgation des renseignements des utilisateurs des produits et services de Nautilus Plus.<\/p>\n<ol>\n<li><strong>Collecte des informations <\/strong>\n<ul>\n<li>Nautilus Plus recueille diverses informations fournies par l\u2019utilisateur, dont\u00a0des informations personnelles: son nom, son pr\u00e9nom, son adresse courriel, son num\u00e9ro de t\u00e9l\u00e9phone, sa ville, sa province, son pays, etc.. et des informations sur les produits et services consomm\u00e9s\u00a0: le type d\u2019abonnement choisi, le type de s\u00e9ance d\u2019encadrement achet\u00e9, des renseignements \u00e0 propos de sa pr\u00e9sence au centre ainsi que les produits et services achet\u00e9s.<\/li>\n<li>Nautilus Plus recueille des informations lors de la navigation sur son site internet\u00a0: L\u2019utilisateur peut acc\u00e9der au site de Nautilus Plus et naviguer sur celui-ci sans communiquer ses informations personnelles. Toutefois, pour pouvoir utiliser certaines options disponibles sur ce site, comme l\u2019abonnement \u00e0 l\u2019infolettre et aux promotions, l\u2019utilisateur doit fournir certaines informations personnelles (et notamment son pr\u00e9nom, son nom et son adresse \u00e9lectronique). Les informations personnelles recueillies sur ce site sont uniquement utilis\u00e9es aux fins clairement explicit\u00e9es lors de la demande de renseignements.<\/li>\n<\/ul>\n<\/li>\n<\/ol>\n<ol start=\"2\">\n<li><strong>Utilisation des informations <\/strong>\n<ul>\n<li>Nautilus Plus utilise les informations recueillies dans le cadre de sa relation d\u2019affaires avec ses clients notamment dans le but d\u2019analyser, de g\u00e9rer, d\u2019am\u00e9liorer et de personnaliser ses services, pour proc\u00e9der aux paiements, g\u00e9rer l\u2019abonnement, communiquer avec l\u2019utilisateur \u00e0 propos de ses services, de ses offres promotionnelles, et autres, pour pr\u00e9venir et identifier des activit\u00e9s ill\u00e9gales et mettre en application ses r\u00e8glements \u00e0 ce sujet.<\/li>\n<li>Nautilus Plus ne recueille pas d\u2019informations personnelles automatiquement, mais combine des informations non personnelles recueillies (par exemple via des cookies, dont l\u2019utilisateur peut accepter, personnaliser ou refuser) avec les informations personnelles communiqu\u00e9es pr\u00e9c\u00e9demment.<\/li>\n<li>En tant qu\u2019annonceur, Nautilus Plus utilise le suivi avanc\u00e9 des conversions pour le Web. Nautilus Plus collecte des donn\u00e9es de clients parmi les clients qui\u00a01) se sont procur\u00e9 des services, 2) se sont inscrits pour recevoir des messages marketing, 3) nous demandent plus d\u2019informations et 4) cr\u00e9ent un compte client. Nautilus Plus importe seulement les donn\u00e9es first party qui lui ont \u00e9t\u00e9 directement communiqu\u00e9s par le client. L\u2019objectif est d\u2019exclure de la liste de ciblage, les clients de Nautilus Plus afin qu\u2019ils ne soient pas cibl\u00e9s par les publicit\u00e9s de Nautilus Plus. De plus, Nautilus Plus utilisera ces informations \u00e0 des fins d\u2019optimisation de placement m\u00e9dia. Si un client souhaite contr\u00f4ler l\u2019utilisation de ses donn\u00e9es, il peut acc\u00e9der aux param\u00e8tres \u00ab\u00a0activit\u00e9 sur le Web et les applications\u00a0\u00bb de la page \u00ab\u00a0<a href=\"https:\/\/myactivity.google.com\/activitycontrols\">Mon activit\u00e9\u00a0<\/a>\u00bb de Google. Afin d\u2019en savoir plus sur la s\u00e9curit\u00e9 des donn\u00e9es, consultez la page \u00ab\u00a0<a href=\"https:\/\/support.google.com\/adspolicy\/answer\/9755941?hl=fr\">Comment Google utilise-t-il les donn\u00e9es sur le suivi avanc\u00e9 des conversions?\u00a0\u00bb<\/a>.<\/li>\n<\/ul>\n<\/li>\n<\/ol>\n<ol start=\"3\">\n<li><strong>Partage des informations<\/strong>\n<ul>\n<li>Les donn\u00e9es fournies sont utiles \u00e0 Nautilus Plus afin de l\u2019aider \u00e0 prendre des d\u00e9cisions quant \u00e0 de nouveaux produits et services \u00e0 proposer, pour am\u00e9liorer la qualit\u00e9 du service offert et am\u00e9liorer l\u2019exp\u00e9rience de navigation sur son site internet.<\/li>\n<li>Fournisseurs de services : Les firmes qui g\u00e8rent les transactions\/paiements ainsi que le marketing, la publicit\u00e9 et les communications. Dans le cadre de ce service, ces fournisseurs pourraient avoir acc\u00e8s aux informations\/renseignements de l\u2019utilisateur, mais ne sont pas autoriser \u00e0 les divulguer et leur utilisation est strictement r\u00e9serv\u00e9e aux fins de la prestation de leurs services.<\/li>\n<li>Objectif de protection de Nautilus Plus ou autre : Pour des raisons l\u00e9gales, pour faire appliquer des conditions d\u2019utilisation qui ne seraient pas respect\u00e9es, g\u00e9rer des activit\u00e9s ill\u00e9gales ou se d\u00e9fendre contre tout pr\u00e9judice \u00e0 l\u2019\u00e9gard des droits et biens ou de la s\u00e9curit\u00e9 de Nautilus Plus, de ses utilisateurs, tel que l\u2019exige ou le permet la loi.<\/li>\n<\/ul>\n<\/li>\n<\/ol>\n<ol start=\"4\">\n<li><strong>Profil et compte<\/strong>\n<ul>\n<li>Une fois connect\u00e9 \u00e0 l\u2019espace client de Nautilus Plus, l\u2019utilisateur peut acc\u00e9der directement \u00e0 son compte sans avoir \u00e0 saisir son mot de passe.\u00a0 Cette fonction a comme objectif de faciliter l\u2019acc\u00e8s au compte de l\u2019utilisateur. \u00c0 moins d\u2019une d\u00e9connexion de la part de l\u2019utilisateur, celui-ci pourra rouvrir une session sans entrer de mot de passe. L\u2019authentification se fait via le fournisseur de service Hexfit.<\/li>\n<\/ul>\n<\/li>\n<\/ol>\n<ol start=\"5\">\n<li><strong>Options et param\u00e8tres<\/strong>\n<ul>\n<li>Courriels promotionnels\u00a0: Lors de l\u2019achat de son abonnement, l\u2019utilisateur d\u00e9cide s\u2019il veut recevoir ou non des courriels promotionnels. Si l\u2019utilisateur ne veut plus recevoir de courriels promotionnels, il peut se d\u00e9sabonner en envoyant un message au service \u00e0 la client\u00e8le \u00e0 <a href=\"mailto:info@nautilusplus.com\">info@nautilusplus.com<\/a> ou en communiquant directement avec sa succursale. Le service de courriels sur la facturation, \u00e9tat de compte ou mode de paiement sera toutefois maintenu.<\/li>\n<\/ul>\n<\/li>\n<\/ol>\n<ol start=\"6\">\n<li><strong>Droits<\/strong>\n<ul>\n<li>Pour modifier ses renseignements personnels et relatifs \u00e0 son mode de paiement, l\u2019utilisateurs doit communiquer avec le service \u00e0 la client\u00e8le de Nautilus Plus \u00e0 <a href=\"mailto:info@nautilusplus.com\">info@nautilusplus.com<\/a> ou communiquer directement avec sa succursale.<\/li>\n<li>L\u2019utilisateur a le droit de demander et de recevoir un acc\u00e8s \u00e0 ses informations personnelles, ou de corriger ou de mettre \u00e0 jour toute information personnelle obsol\u00e8te ou inexacte que nous d\u00e9tenons \u00e0 son sujet. Nous r\u00e9pondons \u00e0 toutes les demandes que nous recevons de personnes souhaitant exercer leurs droits en mati\u00e8re de protection des donn\u00e9es conform\u00e9ment aux lois applicables sur la protection des donn\u00e9es.<\/li>\n<\/ul>\n<\/li>\n<\/ol>\n<ol start=\"7\">\n<li><strong>S\u00e9curit\u00e9<\/strong>\n<ul>\n<li>Nautilus Plus utilise les mesures administratives, logiques et physiques raisonnables afin de prot\u00e9ger les renseignements personnels recueillis pour \u00e9viter qu\u2019ils soient perdus, vol\u00e9s ou accessibles \u00e0 une utilisation non autoris\u00e9e.<\/li>\n<\/ul>\n<\/li>\n<\/ol>\n<ol start=\"8\">\n<li><strong>Modification des Politiques de confidentialit\u00e9<\/strong>\n<ul>\n<li>Nautilus Plus mettra \u00e0 jour sa politique afin de respecter la loi et les nouvelles exigences \u00e9mises. Les membre sont invit\u00e9s \u00e0 consulter en tout temps la politique pour connaitre la version la plus r\u00e9cente de celle-ci.<\/li>\n<\/ul>\n<\/li>\n<\/ol>\n<h3 style=\"margin-top: 40px; margin-bottom: 5px;\">Nous joindre<\/h3>\n<ul>\n<li>Si l\u2019utilisateur des produits et services de Nautilus Plus a des questions, il peut envoyer un message \u00e0<span style=\"font-weight: 400;\">\u00a0la personne responsable de la politique concernant la protection des renseignements personnels et la confidentialit\u00e9 des donn\u00e9es \u00e0 <a href=\"mailto:info@nautilusplus.com\">info@nautilusplus.com<\/a>.<\/span><\/li>\n<li>Vous pouvez vous d\u00e9sabonner en tout temps de notre infolettre et de nos courriels promotionnels en\u00a0<a href=\"https:\/\/www.nautilusplus.com\/fr\/se-desabonner\/\" rel=\"noopener\">cliquant ici<\/a>.<\/li>\n<\/ul>\n<h3 style=\"margin-top: 40px; margin-bottom: 5px;\">Notre adresse<\/h3>\n<p>L\u2019utilisateur des produits et services de Nautilus Plus peut communiquer avec nous par la poste au 3550 1\u00e8re Rue, Saint-Hubert, Qu\u00e9bec, J3Y 8Y5, Canada.<\/p>\n<p><em>Derni\u00e8re mise \u00e0 jour\u00a0: Septembre 2022<\/em><\/p>\n","protected":false},"excerpt":{"rendered":"<p>Les politiques suivantes d\u00e9crivent les pratiques de Nautilus Plus en ce qui a trait \u00e0 la collecte, l\u2019utilisation et la divulgation des renseignements des utilisateurs des produits et services de Nautilus Plus. Collecte des informations Nautilus Plus recueille diverses informations fournies par l\u2019utilisateur, dont\u00a0des informations personnelles: son nom, son pr\u00e9nom, son adresse courriel, son num\u00e9ro [&hellip;]<\/p>\n","protected":false},"author":17,"featured_media":19605,"parent":0,"menu_order":0,"comment_status":"closed","ping_status":"closed","template":"page-text.php","meta":[],"yoast_head":"<!-- This site is optimized with the Yoast SEO plugin v16.3 - https:\/\/yoast.com\/wordpress\/plugins\/seo\/ -->\r\n<meta name=\"description\" content=\"D\u00e9couvrez toute l&#039;information relative \u00e0 notre Politique de confidentialit\u00e9 sur NautilusPlus.com\" \/>\r\n<meta name=\"robots\" content=\"index, follow, max-snippet:-1, max-image-preview:large, max-video-preview:-1\" \/>\r\n<link rel=\"canonical\" href=\"https:\/\/www.nautilusplus.com\/fr\/politique-de-confidentialite\/\" \/>\r\n<meta property=\"og:locale\" content=\"fr_FR\" \/>\r\n<meta property=\"og:type\" content=\"article\" \/>\r\n<meta property=\"og:title\" content=\"Politique de confidentialit\u00e9\" \/>\r\n<meta property=\"og:description\" content=\"D\u00e9couvrez toute l&#039;information relative \u00e0 notre Politique de confidentialit\u00e9 sur NautilusPlus.com\" \/>\r\n<meta property=\"og:url\" content=\"https:\/\/www.nautilusplus.com\/fr\/politique-de-confidentialite\/\" \/>\r\n<meta property=\"og:site_name\" content=\"Nautilus Plus\" \/>\r\n<meta property=\"article:modified_time\" content=\"2023-09-26T19:49:15+00:00\" \/>\r\n<meta property=\"og:image\" content=\"https:\/\/www.nautilusplus.com\/content\/uploads\/2013\/10\/politique-confidentialite.jpg\" \/>\r\n\t<meta property=\"og:image:width\" content=\"1920\" \/>\r\n\t<meta property=\"og:image:height\" content=\"875\" \/>\r\n<meta name=\"twitter:label1\" content=\"Est. reading time\">\n\t<meta name=\"twitter:data1\" content=\"5 minutes\">\r\n<script type=\"application\/ld+json\" class=\"yoast-schema-graph\">{\"@context\":\"https:\/\/schema.org\",\"@graph\":[{\"@type\":\"WebSite\",\"@id\":\"https:\/\/www.nautilusplus.com\/fr\/#website\",\"url\":\"https:\/\/www.nautilusplus.com\/fr\/\",\"name\":\"Nautilus Plus\",\"description\":\"Plus qu&#039;un gym\",\"potentialAction\":[{\"@type\":\"SearchAction\",\"target\":\"https:\/\/www.nautilusplus.com\/fr\/?s={search_term_string}\",\"query-input\":\"required name=search_term_string\"}],\"inLanguage\":\"fr-FR\"},{\"@type\":\"ImageObject\",\"@id\":\"https:\/\/www.nautilusplus.com\/fr\/politique-de-confidentialite\/#primaryimage\",\"inLanguage\":\"fr-FR\",\"url\":\"https:\/\/www.nautilusplus.com\/content\/uploads\/2013\/10\/politique-confidentialite.jpg\",\"contentUrl\":\"https:\/\/www.nautilusplus.com\/content\/uploads\/2013\/10\/politique-confidentialite.jpg\",\"width\":1920,\"height\":875},{\"@type\":\"WebPage\",\"@id\":\"https:\/\/www.nautilusplus.com\/fr\/politique-de-confidentialite\/#webpage\",\"url\":\"https:\/\/www.nautilusplus.com\/fr\/politique-de-confidentialite\/\",\"name\":\"Politique de confidentialit\\u00e9\",\"isPartOf\":{\"@id\":\"https:\/\/www.nautilusplus.com\/fr\/#website\"},\"primaryImageOfPage\":{\"@id\":\"https:\/\/www.nautilusplus.com\/fr\/politique-de-confidentialite\/#primaryimage\"},\"datePublished\":\"2013-11-08T16:11:31+00:00\",\"dateModified\":\"2023-09-26T19:49:15+00:00\",\"description\":\"D\\u00e9couvrez toute l'information relative \\u00e0 notre Politique de confidentialit\\u00e9 sur NautilusPlus.com\",\"breadcrumb\":{\"@id\":\"https:\/\/www.nautilusplus.com\/fr\/politique-de-confidentialite\/#breadcrumb\"},\"inLanguage\":\"fr-FR\",\"potentialAction\":[{\"@type\":\"ReadAction\",\"target\":[\"https:\/\/www.nautilusplus.com\/fr\/politique-de-confidentialite\/\"]}]},{\"@type\":\"BreadcrumbList\",\"@id\":\"https:\/\/www.nautilusplus.com\/fr\/politique-de-confidentialite\/#breadcrumb\",\"itemListElement\":[{\"@type\":\"ListItem\",\"position\":1,\"item\":{\"@type\":\"WebPage\",\"@id\":\"https:\/\/www.nautilusplus.com\/fr\/\",\"url\":\"https:\/\/www.nautilusplus.com\/fr\/\",\"name\":\"Home\"}},{\"@type\":\"ListItem\",\"position\":2,\"item\":{\"@id\":\"https:\/\/www.nautilusplus.com\/fr\/politique-de-confidentialite\/#webpage\"}}]}]}<\/script>\r\n<!-- \/ Yoast SEO plugin. -->","_links":{"self":[{"href":"https:\/\/cms.nautilusplus.com\/fr\/wp-json\/wp\/v2\/pages\/11405"}],"collection":[{"href":"https:\/\/cms.nautilusplus.com\/fr\/wp-json\/wp\/v2\/pages"}],"about":[{"href":"https:\/\/cms.nautilusplus.com\/fr\/wp-json\/wp\/v2\/types\/page"}],"author":[{"embeddable":true,"href":"https:\/\/cms.nautilusplus.com\/fr\/wp-json\/wp\/v2\/users\/17"}],"replies":[{"embeddable":true,"href":"https:\/\/cms.nautilusplus.com\/fr\/wp-json\/wp\/v2\/comments?post=11405"}],"version-history":[{"count":0,"href":"https:\/\/cms.nautilusplus.com\/fr\/wp-json\/wp\/v2\/pages\/11405\/revisions"}],"wp:featuredmedia":[{"embeddable":true,"href":"https:\/\/cms.nautilusplus.com\/fr\/wp-json\/wp\/v2\/media\/19605"}],"wp:attachment":[{"href":"https:\/\/cms.nautilusplus.com\/fr\/wp-json\/wp\/v2\/media?parent=11405"}],"curies":[{"name":"wp","href":"https:\/\/api.w.org\/{rel}","templated":true}]}}